{"id":612,"date":"2021-11-21T12:15:24","date_gmt":"2021-11-21T11:15:24","guid":{"rendered":"https:\/\/www.faraobyce.sk\/?page_id=612"},"modified":"2026-02-13T20:44:47","modified_gmt":"2026-02-13T19:44:47","slug":"kostolnici-1921-2021","status":"publish","type":"page","link":"https:\/\/www.faraobyce.sk\/?page_id=612","title":{"rendered":"Kostoln\u00edci 1921 &#8211; 2021"},"content":{"rendered":"\t\t<div data-elementor-type=\"wp-page\" data-elementor-id=\"612\" class=\"elementor elementor-612\" data-elementor-post-type=\"page\">\n\t\t\t\t\t\t<section class=\"elementor-section elementor-top-section elementor-element elementor-element-48d72f82 elementor-section-boxed elementor-section-height-default elementor-section-height-default\" data-id=\"48d72f82\" data-element_type=\"section\">\n\t\t\t\t\t\t<div class=\"elementor-container elementor-column-gap-default\">\n\t\t\t\t\t<div class=\"elementor-column elementor-col-100 elementor-top-column elementor-element elementor-element-6699ccb8\" data-id=\"6699ccb8\" data-element_type=\"column\">\n\t\t\t<div class=\"elementor-widget-wrap elementor-element-populated\">\n\t\t\t\t\t\t<div class=\"elementor-element elementor-element-4b96f20b elementor-widget elementor-widget-text-editor\" data-id=\"4b96f20b\" data-element_type=\"widget\" data-widget_type=\"text-editor.default\">\n\t\t\t\t<div class=\"elementor-widget-container\">\n\t\t\t\t\t\t\t\t\t<p><span style=\"color: #000000;\">kostoln\u00ed\u010dka v\u00a0rokoch 2011 \u2013 doteraz<\/span><br \/><span style=\"color: #000000;\">16. Paul\u00edna Melencov\u00e1 *1945 &#8211; doteraz<\/span><\/p>\n<p><span style=\"color: #000000;\">kostoln\u00edk v\u00a0rokoch 2008 &#8211; 2010<\/span><br \/><span style=\"color: #000000;\">15. J\u00e1n Urb\u00e1nek\u00a0*1934\u00a0\u20202011 (druh\u00fdkr\u00e1t vo funkcii)<\/span><\/p>\n<p><span style=\"color: #000000;\">kostoln\u00edk v\u00a0rokoch 1995 \u2013 2007<\/span><br \/><span style=\"color: #000000;\">14. J\u00falius Petrovi\u010d\u00a0*1979<\/span><\/p>\n<p><span style=\"color: #000000;\">kostoln\u00edk v\u00a0rokoch 1995 \u2013 1997<\/span><br \/><span style=\"color: #000000;\">13. Ivan Gajdo\u0161\u00a0*1978<\/span><\/p>\n<p><span style=\"color: #000000;\">kostoln\u00edci v\u00a0rokoch 1991 \u2013 1995<\/span><br \/><span style=\"color: #000000;\">12. Anton Kaz\u00edk<\/span><br \/><span style=\"color: #000000;\">11. \u013dubo\u0161 \u010eurdiak<\/span><br \/><span style=\"color: #000000;\">10. Mikul\u00e1\u0161 \u0160abo<\/span><br \/><span style=\"color: #000000;\">9. Karol Jur\u00edk\u00a0\u00a0\u00a0\u00a0\u00a0\u00a0\u00a0<\/span><br \/><span style=\"color: #000000;\">8. Jozef \u0160urda<\/span><\/p>\n<p><span style=\"color: #000000;\">kostoln\u00edk\u00a0 v\u00a0rokoch\u00a01980 \u2013 1991<\/span><br \/><span style=\"color: #000000;\">7. J\u00e1n Urb\u00e1nek *1934\u00a0\u20202011<\/span><br \/><span style=\"color: #000000;\">Funkciu vykon\u00e1val spolu s\u00a0man\u017eelkou Ter\u00e9ziou<\/span><\/p>\n<p><span style=\"color: #000000;\">kostoln\u00edk\u00a0 v\u00a0rokoch\u00a01979 \u2013 1980<\/span><br \/><span style=\"color: #000000;\">6. Pavol Herda\u00a0*1907\u00a0\u20202001<\/span><\/p>\n<p><span style=\"color: #000000;\">kostoln\u00edk\u00a0 v\u00a0rokoch\u00a01977 \u2013 1978<\/span><br \/><span style=\"color: #000000;\">5. Jozef Jenis<\/span><\/p>\n<p><span style=\"color: #000000;\">kostoln\u00edk\u00a0 v\u00a0rokoch\u00a01969 \u2013 1977<\/span><br \/><span style=\"color: #000000;\">4. \u013dudov\u00edt \u0160abo\u00a0*1901\u00a0\u20201978<\/span><\/p>\n<p><span style=\"color: #000000;\">kostoln\u00edk\u00a0 v\u00a0rokoch\u00a01963 \u2013 1969<\/span><br \/><span style=\"color: #000000;\">3. Tasil Judin\u00a0*1900\u00a0\u20201980<\/span><\/p>\n<p><span style=\"color: #000000;\">kostoln\u00edk\u00a0 v\u00a0rokoch\u00a01952 \u2013 1959<\/span><br \/><span style=\"color: #000000;\">2. J\u00e1n \u0160losiar\u00a0\u00a0*1904\u00a0\u20201959<\/span><br \/><span style=\"color: #000000;\">po jeho smrti t\u00fato funkciu 4 roky vykon\u00e1vala jeho man\u017eelka M\u00e1ria s\u00a0dc\u00e9rou Franti\u0161kou<\/span><\/p>\n<p><br \/><span style=\"color: #000000;\">kostoln\u00edk\u00a0v\u00a0rokoch\u00a01921 \u2013 1952<\/span><br \/><span style=\"color: #000000;\">1.J\u00e1n Petrovi\u010d\u00a0*1886\u00a0\u20201962\u00a0<\/span><\/p>\n<p><!-- \/wp:paragraph --><\/p>\t\t\t\t\t\t\t\t<\/div>\n\t\t\t\t<\/div>\n\t\t\t\t\t<\/div>\n\t\t<\/div>\n\t\t\t\t\t<\/div>\n\t\t<\/section>\n\t\t\t\t<\/div>\n\t\t","protected":false},"excerpt":{"rendered":"<p>kostoln\u00ed\u010dka v\u00a0rokoch 2011 \u2013 doteraz16. Paul\u00edna Melencov\u00e1 *1945 &#8211; doteraz kostoln\u00edk v\u00a0rokoch 2008 &#8211; 201015. J\u00e1n Urb\u00e1nek\u00a0*1934\u00a0\u20202011 (druh\u00fdkr\u00e1t vo funkcii) kostoln\u00edk v\u00a0rokoch 1995 \u2013 200714. J\u00falius Petrovi\u010d\u00a0*1979 kostoln\u00edk v\u00a0rokoch 1995 \u2013 199713. Ivan Gajdo\u0161\u00a0*1978 kostoln\u00edci v\u00a0rokoch 1991 \u2013 199512. Anton Kaz\u00edk11. \u013dubo\u0161 \u010eurdiak10. Mikul\u00e1\u0161 \u0160abo9. Karol Jur\u00edk\u00a0\u00a0\u00a0\u00a0\u00a0\u00a0\u00a08. Jozef \u0160urda kostoln\u00edk\u00a0 v\u00a0rokoch\u00a01980 \u2013 19917. J\u00e1n Urb\u00e1nek&hellip;&nbsp;<a href=\"https:\/\/www.faraobyce.sk\/?page_id=612\" class=\"\" rel=\"bookmark\">\u010c\u00edta\u0165 viac &raquo;<span class=\"screen-reader-text\">Kostoln\u00edci 1921 &#8211; 2021<\/span><\/a><\/p>\n","protected":false},"author":1,"featured_media":0,"parent":599,"menu_order":476,"comment_status":"closed","ping_status":"closed","template":"","meta":{"_eb_attr":"","_monsterinsights_skip_tracking":false,"_monsterinsights_sitenote_active":false,"_monsterinsights_sitenote_note":"","_monsterinsights_sitenote_category":0,"neve_meta_sidebar":"","neve_meta_container":"","neve_meta_enable_content_width":"","neve_meta_content_width":0,"neve_meta_title_alignment":"","neve_meta_author_avatar":"","neve_post_elements_order":"","neve_meta_disable_header":"","neve_meta_disable_footer":"","neve_meta_disable_title":"","footnotes":""},"class_list":["post-612","page","type-page","status-publish","hentry"],"yoast_head":"<!-- This site is optimized with the Yoast SEO plugin v22.1 - https:\/\/yoast.com\/wordpress\/plugins\/seo\/ -->\n<title>Kostoln\u00edci 1921 - 2021 -<\/title>\n<meta name=\"robots\" content=\"index, follow, max-snippet:-1, max-image-preview:large, max-video-preview:-1\" \/>\n<link rel=\"canonical\" href=\"https:\/\/www.faraobyce.sk\/?page_id=612\" \/>\n<meta property=\"og:locale\" content=\"sk_SK\" \/>\n<meta property=\"og:type\" content=\"article\" \/>\n<meta property=\"og:title\" content=\"Kostoln\u00edci 1921 - 2021 -\" \/>\n<meta property=\"og:description\" content=\"kostoln\u00ed\u010dka v\u00a0rokoch 2011 \u2013 doteraz16. Paul\u00edna Melencov\u00e1 *1945 &#8211; doteraz kostoln\u00edk v\u00a0rokoch 2008 &#8211; 201015. J\u00e1n Urb\u00e1nek\u00a0*1934\u00a0\u20202011 (druh\u00fdkr\u00e1t vo funkcii) kostoln\u00edk v\u00a0rokoch 1995 \u2013 200714. J\u00falius Petrovi\u010d\u00a0*1979 kostoln\u00edk v\u00a0rokoch 1995 \u2013 199713. Ivan Gajdo\u0161\u00a0*1978 kostoln\u00edci v\u00a0rokoch 1991 \u2013 199512. Anton Kaz\u00edk11. \u013dubo\u0161 \u010eurdiak10. Mikul\u00e1\u0161 \u0160abo9. Karol Jur\u00edk\u00a0\u00a0\u00a0\u00a0\u00a0\u00a0\u00a08. Jozef \u0160urda kostoln\u00edk\u00a0 v\u00a0rokoch\u00a01980 \u2013 19917. J\u00e1n Urb\u00e1nek&hellip;&nbsp;\u010c\u00edta\u0165 viac &raquo;Kostoln\u00edci 1921 &#8211; 2021\" \/>\n<meta property=\"og:url\" content=\"https:\/\/www.faraobyce.sk\/?page_id=612\" \/>\n<meta property=\"article:modified_time\" content=\"2026-02-13T19:44:47+00:00\" \/>\n<meta name=\"twitter:card\" content=\"summary_large_image\" \/>\n<meta name=\"twitter:label1\" content=\"Predpokladan\u00fd \u010das \u010d\u00edtania\" \/>\n\t<meta name=\"twitter:data1\" content=\"1 min\u00fata\" \/>\n<script type=\"application\/ld+json\" class=\"yoast-schema-graph\">{\"@context\":\"https:\/\/schema.org\",\"@graph\":[{\"@type\":\"WebPage\",\"@id\":\"https:\/\/www.faraobyce.sk\/?page_id=612\",\"url\":\"https:\/\/www.faraobyce.sk\/?page_id=612\",\"name\":\"Kostoln\u00edci 1921 - 2021 -\",\"isPartOf\":{\"@id\":\"https:\/\/www.faraobyce.sk\/#website\"},\"datePublished\":\"2021-11-21T11:15:24+00:00\",\"dateModified\":\"2026-02-13T19:44:47+00:00\",\"breadcrumb\":{\"@id\":\"https:\/\/www.faraobyce.sk\/?page_id=612#breadcrumb\"},\"inLanguage\":\"sk-SK\",\"potentialAction\":[{\"@type\":\"ReadAction\",\"target\":[\"https:\/\/www.faraobyce.sk\/?page_id=612\"]}]},{\"@type\":\"BreadcrumbList\",\"@id\":\"https:\/\/www.faraobyce.sk\/?page_id=612#breadcrumb\",\"itemListElement\":[{\"@type\":\"ListItem\",\"position\":1,\"name\":\"Home\",\"item\":\"https:\/\/www.faraobyce.sk\/\"},{\"@type\":\"ListItem\",\"position\":2,\"name\":\"Z hist\u00f3rie\",\"item\":\"https:\/\/www.faraobyce.sk\/?page_id=599\"},{\"@type\":\"ListItem\",\"position\":3,\"name\":\"Kostoln\u00edci 1921 &#8211; 2021\"}]},{\"@type\":\"WebSite\",\"@id\":\"https:\/\/www.faraobyce.sk\/#website\",\"url\":\"https:\/\/www.faraobyce.sk\/\",\"name\":\"\",\"description\":\"\",\"potentialAction\":[{\"@type\":\"SearchAction\",\"target\":{\"@type\":\"EntryPoint\",\"urlTemplate\":\"https:\/\/www.faraobyce.sk\/?s={search_term_string}\"},\"query-input\":\"required name=search_term_string\"}],\"inLanguage\":\"sk-SK\"}]}<\/script>\n<!-- \/ Yoast SEO plugin. -->","yoast_head_json":{"title":"Kostoln\u00edci 1921 - 2021 -","robots":{"index":"index","follow":"follow","max-snippet":"max-snippet:-1","max-image-preview":"max-image-preview:large","max-video-preview":"max-video-preview:-1"},"canonical":"https:\/\/www.faraobyce.sk\/?page_id=612","og_locale":"sk_SK","og_type":"article","og_title":"Kostoln\u00edci 1921 - 2021 -","og_description":"kostoln\u00ed\u010dka v\u00a0rokoch 2011 \u2013 doteraz16. Paul\u00edna Melencov\u00e1 *1945 &#8211; doteraz kostoln\u00edk v\u00a0rokoch 2008 &#8211; 201015. J\u00e1n Urb\u00e1nek\u00a0*1934\u00a0\u20202011 (druh\u00fdkr\u00e1t vo funkcii) kostoln\u00edk v\u00a0rokoch 1995 \u2013 200714. J\u00falius Petrovi\u010d\u00a0*1979 kostoln\u00edk v\u00a0rokoch 1995 \u2013 199713. Ivan Gajdo\u0161\u00a0*1978 kostoln\u00edci v\u00a0rokoch 1991 \u2013 199512. Anton Kaz\u00edk11. \u013dubo\u0161 \u010eurdiak10. Mikul\u00e1\u0161 \u0160abo9. Karol Jur\u00edk\u00a0\u00a0\u00a0\u00a0\u00a0\u00a0\u00a08. Jozef \u0160urda kostoln\u00edk\u00a0 v\u00a0rokoch\u00a01980 \u2013 19917. J\u00e1n Urb\u00e1nek&hellip;&nbsp;\u010c\u00edta\u0165 viac &raquo;Kostoln\u00edci 1921 &#8211; 2021","og_url":"https:\/\/www.faraobyce.sk\/?page_id=612","article_modified_time":"2026-02-13T19:44:47+00:00","twitter_card":"summary_large_image","twitter_misc":{"Predpokladan\u00fd \u010das \u010d\u00edtania":"1 min\u00fata"},"schema":{"@context":"https:\/\/schema.org","@graph":[{"@type":"WebPage","@id":"https:\/\/www.faraobyce.sk\/?page_id=612","url":"https:\/\/www.faraobyce.sk\/?page_id=612","name":"Kostoln\u00edci 1921 - 2021 -","isPartOf":{"@id":"https:\/\/www.faraobyce.sk\/#website"},"datePublished":"2021-11-21T11:15:24+00:00","dateModified":"2026-02-13T19:44:47+00:00","breadcrumb":{"@id":"https:\/\/www.faraobyce.sk\/?page_id=612#breadcrumb"},"inLanguage":"sk-SK","potentialAction":[{"@type":"ReadAction","target":["https:\/\/www.faraobyce.sk\/?page_id=612"]}]},{"@type":"BreadcrumbList","@id":"https:\/\/www.faraobyce.sk\/?page_id=612#breadcrumb","itemListElement":[{"@type":"ListItem","position":1,"name":"Home","item":"https:\/\/www.faraobyce.sk\/"},{"@type":"ListItem","position":2,"name":"Z hist\u00f3rie","item":"https:\/\/www.faraobyce.sk\/?page_id=599"},{"@type":"ListItem","position":3,"name":"Kostoln\u00edci 1921 &#8211; 2021"}]},{"@type":"WebSite","@id":"https:\/\/www.faraobyce.sk\/#website","url":"https:\/\/www.faraobyce.sk\/","name":"","description":"","potentialAction":[{"@type":"SearchAction","target":{"@type":"EntryPoint","urlTemplate":"https:\/\/www.faraobyce.sk\/?s={search_term_string}"},"query-input":"required name=search_term_string"}],"inLanguage":"sk-SK"}]}},"_links":{"self":[{"href":"https:\/\/www.faraobyce.sk\/index.php?rest_route=\/wp\/v2\/pages\/612","targetHints":{"allow":["GET"]}}],"collection":[{"href":"https:\/\/www.faraobyce.sk\/index.php?rest_route=\/wp\/v2\/pages"}],"about":[{"href":"https:\/\/www.faraobyce.sk\/index.php?rest_route=\/wp\/v2\/types\/page"}],"author":[{"embeddable":true,"href":"https:\/\/www.faraobyce.sk\/index.php?rest_route=\/wp\/v2\/users\/1"}],"replies":[{"embeddable":true,"href":"https:\/\/www.faraobyce.sk\/index.php?rest_route=%2Fwp%2Fv2%2Fcomments&post=612"}],"version-history":[{"count":6,"href":"https:\/\/www.faraobyce.sk\/index.php?rest_route=\/wp\/v2\/pages\/612\/revisions"}],"predecessor-version":[{"id":7052,"href":"https:\/\/www.faraobyce.sk\/index.php?rest_route=\/wp\/v2\/pages\/612\/revisions\/7052"}],"up":[{"embeddable":true,"href":"https:\/\/www.faraobyce.sk\/index.php?rest_route=\/wp\/v2\/pages\/599"}],"wp:attachment":[{"href":"https:\/\/www.faraobyce.sk\/index.php?rest_route=%2Fwp%2Fv2%2Fmedia&parent=612"}],"curies":[{"name":"wp","href":"https:\/\/api.w.org\/{rel}","templated":true}]}}