{"id":608,"date":"2021-11-21T12:12:15","date_gmt":"2021-11-21T11:12:15","guid":{"rendered":"https:\/\/www.faraobyce.sk\/?page_id=608"},"modified":"2026-02-13T20:24:37","modified_gmt":"2026-02-13T19:24:37","slug":"historia-farnosti-3","status":"publish","type":"page","link":"https:\/\/www.faraobyce.sk\/?page_id=608","title":{"rendered":"Hist\u00f3ria farnosti"},"content":{"rendered":"\t\t<div data-elementor-type=\"wp-page\" data-elementor-id=\"608\" class=\"elementor elementor-608\" data-elementor-post-type=\"page\">\n\t\t\t\t\t\t<section class=\"elementor-section elementor-top-section elementor-element elementor-element-6152756 elementor-section-boxed elementor-section-height-default elementor-section-height-default\" data-id=\"6152756\" data-element_type=\"section\">\n\t\t\t\t\t\t<div class=\"elementor-container elementor-column-gap-default\">\n\t\t\t\t\t<div class=\"elementor-column elementor-col-100 elementor-top-column elementor-element elementor-element-cd2d896\" data-id=\"cd2d896\" data-element_type=\"column\">\n\t\t\t<div class=\"elementor-widget-wrap elementor-element-populated\">\n\t\t\t\t\t\t<div class=\"elementor-element elementor-element-2669731 elementor-widget elementor-widget-text-editor\" data-id=\"2669731\" data-element_type=\"widget\" data-widget_type=\"text-editor.default\">\n\t\t\t\t<div class=\"elementor-widget-container\">\n\t\t\t\t\t\t\t\t\t<p><span style=\"color: #000000;\">Apo\u0161tolsk\u00e1 administrat\u00fara v Trnave sa rozhodla vyhovie\u0165 d\u00e1vnej t\u00fa\u017ebe a\u00a0 \u017eiadosti veriacich\u00a0 zriadi\u0165 samostatn\u00fa farnos\u0165 Obyce.\u00a0<\/span><\/p><p><span style=\"color: #000000;\">D\u00f4vody boli nasledovn\u00e9:<\/span><br \/><span style=\"color: #000000;\">&#8211; Obec v\u00a0roku 1969 mala pribli\u017ene 1700 obyvate\u013eov,\u00a0preto bolo \u0165a\u017ek\u00e9 vyhovie\u0165 duchovn\u00fdm po\u017eiadavk\u00e1m veriacich jedn\u00e9mu duchovn\u00e9mu zo \u017ditavian.<\/span><br \/><span style=\"color: #000000;\">&#8211; Kostol je pomerne nov\u00fd ( postaven\u00fd 1942) a\u00a0primeran\u00fd dan\u00fdm potreb\u00e1m.<\/span><br \/><span style=\"color: #000000;\">&#8211; Veriaci sa zaviazali, \u017ee za pomoci u\u017e svojho duchovn\u00e9ho postavia z\u00a0vlastn\u00fdch prostriedkov nov\u00fa faru, ktor\u00e1 bude sl\u00fa\u017ei\u0165 ako farsk\u00fd \u00farad a\u00a0z\u00e1rove\u0148 aj byt pre p\u00e1na far\u00e1ra.<\/span><\/p><p><span style=\"color: #000000;\">D\u0148a 27. 1. 1969 sa podarilo z\u00edska\u0165 s\u00fahlas z Krajsk\u00e9ho n\u00e1rodn\u00e9ho v\u00fdboru, odboru kult\u00fary pre veci cirkevn\u00e9 pod \u010d. Kult.\/cirk. 52\/1969. D\u0148om 1.7. 1969 bola fili\u00e1lka Obyce vy\u010dlenen\u00e1 z farnosti Opatovce (teraz \u017ditavany) a n\u00e1sledne bola zalo\u017een\u00e1 nov\u00e1 farnos\u0165 pod \u00faradn\u00fdm n\u00e1zvom: ,,R\u00edmskokatol\u00edcka farnos\u0165 v Obyciach\u201c. Kostol Krista Kr\u00e1\u013ea v\u00a0Obyciach sa st\u00e1va farsk\u00fdm kostolom so v\u0161etk\u00fdmi pr\u00e1vomocami, ktor\u00e9 mu prisl\u00fachaj\u00fa a\u00a0patria. Hranice novej farnosti sa zhoduj\u00fa s\u00a0katastr\u00e1lnym \u00fazem\u00edm obce Obyce. Dekr\u00e9tom apo\u0161tolskej administrat\u00fary v\u00a0Trnave zo d\u0148a 2. 8. 1969 \u010d. 3428\/1969 a\u00a0\u0161t\u00e1tnym s\u00fahlasom odboru kult\u00fary Okresn\u00e9ho n\u00e1rodn\u00e9ho v\u00fdboru v\u00a0Nitre bol za spr\u00e1vcu farnosti ustanoven\u00fd p\u00e1n Benedikt Mrav\u00edk \u2013 dekan.<\/span><\/p>\t\t\t\t\t\t\t\t<\/div>\n\t\t\t\t<\/div>\n\t\t\t\t\t<\/div>\n\t\t<\/div>\n\t\t\t\t\t<\/div>\n\t\t<\/section>\n\t\t\t\t<section class=\"elementor-section elementor-top-section elementor-element elementor-element-225cb55 elementor-section-boxed elementor-section-height-default elementor-section-height-default\" data-id=\"225cb55\" data-element_type=\"section\">\n\t\t\t\t\t\t<div class=\"elementor-container elementor-column-gap-default\">\n\t\t\t\t\t<div class=\"elementor-column elementor-col-100 elementor-top-column elementor-element elementor-element-0a8e821\" data-id=\"0a8e821\" data-element_type=\"column\">\n\t\t\t<div class=\"elementor-widget-wrap elementor-element-populated\">\n\t\t\t\t\t\t<section class=\"elementor-section elementor-inner-section elementor-element elementor-element-3c1d882 elementor-section-boxed elementor-section-height-default elementor-section-height-default\" data-id=\"3c1d882\" data-element_type=\"section\">\n\t\t\t\t\t\t<div class=\"elementor-container elementor-column-gap-default\">\n\t\t\t\t\t<div class=\"elementor-column elementor-col-50 elementor-inner-column elementor-element elementor-element-6b090cb\" data-id=\"6b090cb\" data-element_type=\"column\">\n\t\t\t<div class=\"elementor-widget-wrap elementor-element-populated\">\n\t\t\t\t\t\t<div class=\"elementor-element elementor-element-bac9ebd elementor-widget elementor-widget-image\" data-id=\"bac9ebd\" data-element_type=\"widget\" data-widget_type=\"image.default\">\n\t\t\t\t<div class=\"elementor-widget-container\">\n\t\t\t\t\t\t\t\t\t\t\t\t\t\t\t\t<a href=\"https:\/\/www.faraobyce.sk\/wp-content\/uploads\/2021\/11\/fara1971b.jpg\" data-elementor-open-lightbox=\"yes\" data-elementor-lightbox-title=\"fara1971b\" data-e-action-hash=\"#elementor-action%3Aaction%3Dlightbox%26settings%3DeyJpZCI6NzU1LCJ1cmwiOiJodHRwczpcL1wvd3d3LmZhcmFvYnljZS5za1wvd3AtY29udGVudFwvdXBsb2Fkc1wvMjAyMVwvMTFcL2ZhcmExOTcxYi5qcGcifQ%3D%3D\">\n\t\t\t\t\t\t\t<img fetchpriority=\"high\" decoding=\"async\" width=\"768\" height=\"523\" src=\"https:\/\/www.faraobyce.sk\/wp-content\/uploads\/2021\/11\/fara1971b-768x523.jpg\" class=\"attachment-medium_large size-medium_large wp-image-755\" alt=\"\" srcset=\"https:\/\/www.faraobyce.sk\/wp-content\/uploads\/2021\/11\/fara1971b-768x523.jpg 768w, https:\/\/www.faraobyce.sk\/wp-content\/uploads\/2021\/11\/fara1971b-300x204.jpg 300w, https:\/\/www.faraobyce.sk\/wp-content\/uploads\/2021\/11\/fara1971b.jpg 980w\" sizes=\"(max-width: 768px) 100vw, 768px\" \/>\t\t\t\t\t\t\t\t<\/a>\n\t\t\t\t\t\t\t\t\t\t\t\t\t\t\t<\/div>\n\t\t\t\t<\/div>\n\t\t\t\t\t<\/div>\n\t\t<\/div>\n\t\t\t\t<div class=\"elementor-column elementor-col-50 elementor-inner-column elementor-element elementor-element-38e178d\" data-id=\"38e178d\" data-element_type=\"column\">\n\t\t\t<div class=\"elementor-widget-wrap elementor-element-populated\">\n\t\t\t\t\t\t<div class=\"elementor-element elementor-element-c7849f2 elementor-widget elementor-widget-image\" data-id=\"c7849f2\" data-element_type=\"widget\" data-widget_type=\"image.default\">\n\t\t\t\t<div class=\"elementor-widget-container\">\n\t\t\t\t\t\t\t\t\t\t\t\t\t\t\t\t<a href=\"https:\/\/www.faraobyce.sk\/wp-content\/uploads\/2021\/11\/fara1971a.jpg\" data-elementor-open-lightbox=\"yes\" data-elementor-lightbox-title=\"fara1971a\" data-e-action-hash=\"#elementor-action%3Aaction%3Dlightbox%26settings%3DeyJpZCI6NzU0LCJ1cmwiOiJodHRwczpcL1wvd3d3LmZhcmFvYnljZS5za1wvd3AtY29udGVudFwvdXBsb2Fkc1wvMjAyMVwvMTFcL2ZhcmExOTcxYS5qcGcifQ%3D%3D\">\n\t\t\t\t\t\t\t<img decoding=\"async\" width=\"1005\" height=\"642\" src=\"https:\/\/www.faraobyce.sk\/wp-content\/uploads\/2021\/11\/fara1971a.jpg\" class=\"attachment-large size-large wp-image-754\" alt=\"\" srcset=\"https:\/\/www.faraobyce.sk\/wp-content\/uploads\/2021\/11\/fara1971a.jpg 1005w, https:\/\/www.faraobyce.sk\/wp-content\/uploads\/2021\/11\/fara1971a-300x192.jpg 300w, https:\/\/www.faraobyce.sk\/wp-content\/uploads\/2021\/11\/fara1971a-768x491.jpg 768w\" sizes=\"(max-width: 1005px) 100vw, 1005px\" \/>\t\t\t\t\t\t\t\t<\/a>\n\t\t\t\t\t\t\t\t\t\t\t\t\t\t\t<\/div>\n\t\t\t\t<\/div>\n\t\t\t\t\t<\/div>\n\t\t<\/div>\n\t\t\t\t\t<\/div>\n\t\t<\/section>\n\t\t\t\t\t<\/div>\n\t\t<\/div>\n\t\t\t\t\t<\/div>\n\t\t<\/section>\n\t\t\t\t<section class=\"elementor-section elementor-top-section elementor-element elementor-element-bfd8c67 elementor-section-boxed elementor-section-height-default elementor-section-height-default\" data-id=\"bfd8c67\" data-element_type=\"section\">\n\t\t\t\t\t\t<div class=\"elementor-container elementor-column-gap-default\">\n\t\t\t\t\t<div class=\"elementor-column elementor-col-100 elementor-top-column elementor-element elementor-element-bf3594b\" data-id=\"bf3594b\" data-element_type=\"column\">\n\t\t\t<div class=\"elementor-widget-wrap elementor-element-populated\">\n\t\t\t\t\t\t<div class=\"elementor-element elementor-element-141b522 elementor-widget elementor-widget-image\" data-id=\"141b522\" data-element_type=\"widget\" data-widget_type=\"image.default\">\n\t\t\t\t<div class=\"elementor-widget-container\">\n\t\t\t\t\t\t\t\t\t\t\t\t\t\t\t\t<a href=\"https:\/\/www.faraobyce.sk\/wp-content\/uploads\/2021\/11\/kostol-a-fara1971.jpg\" data-elementor-open-lightbox=\"yes\" data-elementor-lightbox-title=\"kostol a fara1971\" data-e-action-hash=\"#elementor-action%3Aaction%3Dlightbox%26settings%3DeyJpZCI6NzYwLCJ1cmwiOiJodHRwczpcL1wvd3d3LmZhcmFvYnljZS5za1wvd3AtY29udGVudFwvdXBsb2Fkc1wvMjAyMVwvMTFcL2tvc3RvbC1hLWZhcmExOTcxLmpwZyJ9\">\n\t\t\t\t\t\t\t<img decoding=\"async\" width=\"1024\" height=\"660\" src=\"https:\/\/www.faraobyce.sk\/wp-content\/uploads\/2021\/11\/kostol-a-fara1971-1024x660.jpg\" class=\"attachment-large size-large wp-image-760\" alt=\"\" srcset=\"https:\/\/www.faraobyce.sk\/wp-content\/uploads\/2021\/11\/kostol-a-fara1971-1024x660.jpg 1024w, https:\/\/www.faraobyce.sk\/wp-content\/uploads\/2021\/11\/kostol-a-fara1971-300x193.jpg 300w, https:\/\/www.faraobyce.sk\/wp-content\/uploads\/2021\/11\/kostol-a-fara1971-768x495.jpg 768w, https:\/\/www.faraobyce.sk\/wp-content\/uploads\/2021\/11\/kostol-a-fara1971.jpg 1134w\" sizes=\"(max-width: 1024px) 100vw, 1024px\" \/>\t\t\t\t\t\t\t\t<\/a>\n\t\t\t\t\t\t\t\t\t\t\t\t\t\t\t<\/div>\n\t\t\t\t<\/div>\n\t\t\t\t\t<\/div>\n\t\t<\/div>\n\t\t\t\t\t<\/div>\n\t\t<\/section>\n\t\t\t\t<section class=\"elementor-section elementor-top-section elementor-element elementor-element-7602764 elementor-section-boxed elementor-section-height-default elementor-section-height-default\" data-id=\"7602764\" data-element_type=\"section\">\n\t\t\t\t\t\t<div class=\"elementor-container elementor-column-gap-default\">\n\t\t\t\t\t<div class=\"elementor-column elementor-col-100 elementor-top-column elementor-element elementor-element-7059e56\" data-id=\"7059e56\" data-element_type=\"column\">\n\t\t\t<div class=\"elementor-widget-wrap elementor-element-populated\">\n\t\t\t\t\t\t<div class=\"elementor-element elementor-element-94f023d elementor-widget elementor-widget-image\" data-id=\"94f023d\" data-element_type=\"widget\" data-widget_type=\"image.default\">\n\t\t\t\t<div class=\"elementor-widget-container\">\n\t\t\t\t\t\t\t\t\t\t\t\t\t\t\t\t<a href=\"https:\/\/www.faraobyce.sk\/wp-content\/uploads\/2021\/11\/fara-obyce-1971.jpg\" data-elementor-open-lightbox=\"yes\" data-elementor-lightbox-title=\"fara obyce 1971\" data-e-action-hash=\"#elementor-action%3Aaction%3Dlightbox%26settings%3DeyJpZCI6NzY0LCJ1cmwiOiJodHRwczpcL1wvd3d3LmZhcmFvYnljZS5za1wvd3AtY29udGVudFwvdXBsb2Fkc1wvMjAyMVwvMTFcL2ZhcmEtb2J5Y2UtMTk3MS5qcGcifQ%3D%3D\">\n\t\t\t\t\t\t\t<img loading=\"lazy\" decoding=\"async\" width=\"300\" height=\"167\" src=\"https:\/\/www.faraobyce.sk\/wp-content\/uploads\/2021\/11\/fara-obyce-1971-300x167.jpg\" class=\"attachment-medium size-medium wp-image-764\" alt=\"\" srcset=\"https:\/\/www.faraobyce.sk\/wp-content\/uploads\/2021\/11\/fara-obyce-1971-300x167.jpg 300w, https:\/\/www.faraobyce.sk\/wp-content\/uploads\/2021\/11\/fara-obyce-1971-768x427.jpg 768w, https:\/\/www.faraobyce.sk\/wp-content\/uploads\/2021\/11\/fara-obyce-1971.jpg 909w\" sizes=\"(max-width: 300px) 100vw, 300px\" \/>\t\t\t\t\t\t\t\t<\/a>\n\t\t\t\t\t\t\t\t\t\t\t\t\t\t\t<\/div>\n\t\t\t\t<\/div>\n\t\t\t\t\t<\/div>\n\t\t<\/div>\n\t\t\t\t\t<\/div>\n\t\t<\/section>\n\t\t\t\t<\/div>\n\t\t","protected":false},"excerpt":{"rendered":"<p>Apo\u0161tolsk\u00e1 administrat\u00fara v Trnave sa rozhodla vyhovie\u0165 d\u00e1vnej t\u00fa\u017ebe a\u00a0 \u017eiadosti veriacich\u00a0 zriadi\u0165 samostatn\u00fa farnos\u0165 Obyce.\u00a0 D\u00f4vody boli nasledovn\u00e9:&#8211; Obec v\u00a0roku 1969 mala pribli\u017ene 1700 obyvate\u013eov,\u00a0preto bolo \u0165a\u017ek\u00e9 vyhovie\u0165 duchovn\u00fdm po\u017eiadavk\u00e1m veriacich jedn\u00e9mu duchovn\u00e9mu zo \u017ditavian.&#8211; Kostol je pomerne nov\u00fd ( postaven\u00fd 1942) a\u00a0primeran\u00fd dan\u00fdm potreb\u00e1m.&#8211; Veriaci sa zaviazali, \u017ee za pomoci u\u017e svojho duchovn\u00e9ho&hellip;&nbsp;<a href=\"https:\/\/www.faraobyce.sk\/?page_id=608\" class=\"\" rel=\"bookmark\">\u010c\u00edta\u0165 viac &raquo;<span class=\"screen-reader-text\">Hist\u00f3ria farnosti<\/span><\/a><\/p>\n","protected":false},"author":1,"featured_media":0,"parent":599,"menu_order":470,"comment_status":"closed","ping_status":"closed","template":"","meta":{"_eb_attr":"","_monsterinsights_skip_tracking":false,"_monsterinsights_sitenote_active":false,"_monsterinsights_sitenote_note":"","_monsterinsights_sitenote_category":0,"neve_meta_sidebar":"","neve_meta_container":"","neve_meta_enable_content_width":"","neve_meta_content_width":0,"neve_meta_title_alignment":"","neve_meta_author_avatar":"","neve_post_elements_order":"","neve_meta_disable_header":"","neve_meta_disable_footer":"","neve_meta_disable_title":"","footnotes":""},"class_list":["post-608","page","type-page","status-publish","hentry"],"yoast_head":"<!-- This site is optimized with the Yoast SEO plugin v22.1 - https:\/\/yoast.com\/wordpress\/plugins\/seo\/ -->\n<title>Hist\u00f3ria farnosti -<\/title>\n<meta name=\"robots\" content=\"index, follow, max-snippet:-1, max-image-preview:large, max-video-preview:-1\" \/>\n<link rel=\"canonical\" href=\"https:\/\/www.faraobyce.sk\/?page_id=608\" \/>\n<meta property=\"og:locale\" content=\"sk_SK\" \/>\n<meta property=\"og:type\" content=\"article\" \/>\n<meta property=\"og:title\" content=\"Hist\u00f3ria farnosti -\" \/>\n<meta property=\"og:description\" content=\"Apo\u0161tolsk\u00e1 administrat\u00fara v Trnave sa rozhodla vyhovie\u0165 d\u00e1vnej t\u00fa\u017ebe a\u00a0 \u017eiadosti veriacich\u00a0 zriadi\u0165 samostatn\u00fa farnos\u0165 Obyce.\u00a0 D\u00f4vody boli nasledovn\u00e9:&#8211; Obec v\u00a0roku 1969 mala pribli\u017ene 1700 obyvate\u013eov,\u00a0preto bolo \u0165a\u017ek\u00e9 vyhovie\u0165 duchovn\u00fdm po\u017eiadavk\u00e1m veriacich jedn\u00e9mu duchovn\u00e9mu zo \u017ditavian.&#8211; Kostol je pomerne nov\u00fd ( postaven\u00fd 1942) a\u00a0primeran\u00fd dan\u00fdm potreb\u00e1m.&#8211; Veriaci sa zaviazali, \u017ee za pomoci u\u017e svojho duchovn\u00e9ho&hellip;&nbsp;\u010c\u00edta\u0165 viac &raquo;Hist\u00f3ria farnosti\" \/>\n<meta property=\"og:url\" content=\"https:\/\/www.faraobyce.sk\/?page_id=608\" \/>\n<meta property=\"article:modified_time\" content=\"2026-02-13T19:24:37+00:00\" \/>\n<meta property=\"og:image\" content=\"https:\/\/www.faraobyce.sk\/wp-content\/uploads\/2021\/11\/fara1971b-768x523.jpg\" \/>\n<meta name=\"twitter:card\" content=\"summary_large_image\" \/>\n<meta name=\"twitter:label1\" content=\"Predpokladan\u00fd \u010das \u010d\u00edtania\" \/>\n\t<meta name=\"twitter:data1\" content=\"2 min\u00faty\" \/>\n<script type=\"application\/ld+json\" class=\"yoast-schema-graph\">{\"@context\":\"https:\/\/schema.org\",\"@graph\":[{\"@type\":\"WebPage\",\"@id\":\"https:\/\/www.faraobyce.sk\/?page_id=608\",\"url\":\"https:\/\/www.faraobyce.sk\/?page_id=608\",\"name\":\"Hist\u00f3ria farnosti -\",\"isPartOf\":{\"@id\":\"https:\/\/www.faraobyce.sk\/#website\"},\"datePublished\":\"2021-11-21T11:12:15+00:00\",\"dateModified\":\"2026-02-13T19:24:37+00:00\",\"breadcrumb\":{\"@id\":\"https:\/\/www.faraobyce.sk\/?page_id=608#breadcrumb\"},\"inLanguage\":\"sk-SK\",\"potentialAction\":[{\"@type\":\"ReadAction\",\"target\":[\"https:\/\/www.faraobyce.sk\/?page_id=608\"]}]},{\"@type\":\"BreadcrumbList\",\"@id\":\"https:\/\/www.faraobyce.sk\/?page_id=608#breadcrumb\",\"itemListElement\":[{\"@type\":\"ListItem\",\"position\":1,\"name\":\"Home\",\"item\":\"https:\/\/www.faraobyce.sk\/\"},{\"@type\":\"ListItem\",\"position\":2,\"name\":\"Z hist\u00f3rie\",\"item\":\"https:\/\/www.faraobyce.sk\/?page_id=599\"},{\"@type\":\"ListItem\",\"position\":3,\"name\":\"Hist\u00f3ria farnosti\"}]},{\"@type\":\"WebSite\",\"@id\":\"https:\/\/www.faraobyce.sk\/#website\",\"url\":\"https:\/\/www.faraobyce.sk\/\",\"name\":\"\",\"description\":\"\",\"potentialAction\":[{\"@type\":\"SearchAction\",\"target\":{\"@type\":\"EntryPoint\",\"urlTemplate\":\"https:\/\/www.faraobyce.sk\/?s={search_term_string}\"},\"query-input\":\"required name=search_term_string\"}],\"inLanguage\":\"sk-SK\"}]}<\/script>\n<!-- \/ Yoast SEO plugin. -->","yoast_head_json":{"title":"Hist\u00f3ria farnosti -","robots":{"index":"index","follow":"follow","max-snippet":"max-snippet:-1","max-image-preview":"max-image-preview:large","max-video-preview":"max-video-preview:-1"},"canonical":"https:\/\/www.faraobyce.sk\/?page_id=608","og_locale":"sk_SK","og_type":"article","og_title":"Hist\u00f3ria farnosti -","og_description":"Apo\u0161tolsk\u00e1 administrat\u00fara v Trnave sa rozhodla vyhovie\u0165 d\u00e1vnej t\u00fa\u017ebe a\u00a0 \u017eiadosti veriacich\u00a0 zriadi\u0165 samostatn\u00fa farnos\u0165 Obyce.\u00a0 D\u00f4vody boli nasledovn\u00e9:&#8211; Obec v\u00a0roku 1969 mala pribli\u017ene 1700 obyvate\u013eov,\u00a0preto bolo \u0165a\u017ek\u00e9 vyhovie\u0165 duchovn\u00fdm po\u017eiadavk\u00e1m veriacich jedn\u00e9mu duchovn\u00e9mu zo \u017ditavian.&#8211; Kostol je pomerne nov\u00fd ( postaven\u00fd 1942) a\u00a0primeran\u00fd dan\u00fdm potreb\u00e1m.&#8211; Veriaci sa zaviazali, \u017ee za pomoci u\u017e svojho duchovn\u00e9ho&hellip;&nbsp;\u010c\u00edta\u0165 viac &raquo;Hist\u00f3ria farnosti","og_url":"https:\/\/www.faraobyce.sk\/?page_id=608","article_modified_time":"2026-02-13T19:24:37+00:00","og_image":[{"url":"https:\/\/www.faraobyce.sk\/wp-content\/uploads\/2021\/11\/fara1971b-768x523.jpg"}],"twitter_card":"summary_large_image","twitter_misc":{"Predpokladan\u00fd \u010das \u010d\u00edtania":"2 min\u00faty"},"schema":{"@context":"https:\/\/schema.org","@graph":[{"@type":"WebPage","@id":"https:\/\/www.faraobyce.sk\/?page_id=608","url":"https:\/\/www.faraobyce.sk\/?page_id=608","name":"Hist\u00f3ria farnosti -","isPartOf":{"@id":"https:\/\/www.faraobyce.sk\/#website"},"datePublished":"2021-11-21T11:12:15+00:00","dateModified":"2026-02-13T19:24:37+00:00","breadcrumb":{"@id":"https:\/\/www.faraobyce.sk\/?page_id=608#breadcrumb"},"inLanguage":"sk-SK","potentialAction":[{"@type":"ReadAction","target":["https:\/\/www.faraobyce.sk\/?page_id=608"]}]},{"@type":"BreadcrumbList","@id":"https:\/\/www.faraobyce.sk\/?page_id=608#breadcrumb","itemListElement":[{"@type":"ListItem","position":1,"name":"Home","item":"https:\/\/www.faraobyce.sk\/"},{"@type":"ListItem","position":2,"name":"Z hist\u00f3rie","item":"https:\/\/www.faraobyce.sk\/?page_id=599"},{"@type":"ListItem","position":3,"name":"Hist\u00f3ria farnosti"}]},{"@type":"WebSite","@id":"https:\/\/www.faraobyce.sk\/#website","url":"https:\/\/www.faraobyce.sk\/","name":"","description":"","potentialAction":[{"@type":"SearchAction","target":{"@type":"EntryPoint","urlTemplate":"https:\/\/www.faraobyce.sk\/?s={search_term_string}"},"query-input":"required name=search_term_string"}],"inLanguage":"sk-SK"}]}},"_links":{"self":[{"href":"https:\/\/www.faraobyce.sk\/index.php?rest_route=\/wp\/v2\/pages\/608","targetHints":{"allow":["GET"]}}],"collection":[{"href":"https:\/\/www.faraobyce.sk\/index.php?rest_route=\/wp\/v2\/pages"}],"about":[{"href":"https:\/\/www.faraobyce.sk\/index.php?rest_route=\/wp\/v2\/types\/page"}],"author":[{"embeddable":true,"href":"https:\/\/www.faraobyce.sk\/index.php?rest_route=\/wp\/v2\/users\/1"}],"replies":[{"embeddable":true,"href":"https:\/\/www.faraobyce.sk\/index.php?rest_route=%2Fwp%2Fv2%2Fcomments&post=608"}],"version-history":[{"count":6,"href":"https:\/\/www.faraobyce.sk\/index.php?rest_route=\/wp\/v2\/pages\/608\/revisions"}],"predecessor-version":[{"id":7034,"href":"https:\/\/www.faraobyce.sk\/index.php?rest_route=\/wp\/v2\/pages\/608\/revisions\/7034"}],"up":[{"embeddable":true,"href":"https:\/\/www.faraobyce.sk\/index.php?rest_route=\/wp\/v2\/pages\/599"}],"wp:attachment":[{"href":"https:\/\/www.faraobyce.sk\/index.php?rest_route=%2Fwp%2Fv2%2Fmedia&parent=608"}],"curies":[{"name":"wp","href":"https:\/\/api.w.org\/{rel}","templated":true}]}}