{"id":588,"date":"2021-11-21T11:21:52","date_gmt":"2021-11-21T10:21:52","guid":{"rendered":"https:\/\/www.faraobyce.sk\/?page_id=588"},"modified":"2026-04-25T15:47:30","modified_gmt":"2026-04-25T13:47:30","slug":"farske-ozamy","status":"publish","type":"page","link":"https:\/\/www.faraobyce.sk\/?page_id=588","title":{"rendered":"Farsk\u00e9 oznamy"},"content":{"rendered":"\t\t<div data-elementor-type=\"wp-page\" data-elementor-id=\"588\" class=\"elementor elementor-588\" data-elementor-post-type=\"page\">\n\t\t\t\t\t\t<section class=\"elementor-section elementor-top-section elementor-element elementor-element-f931e96 elementor-section-boxed elementor-section-height-default elementor-section-height-default\" data-id=\"f931e96\" data-element_type=\"section\">\n\t\t\t\t\t\t<div class=\"elementor-container elementor-column-gap-default\">\n\t\t\t\t\t<div class=\"elementor-column elementor-col-100 elementor-top-column elementor-element elementor-element-7d7e743\" data-id=\"7d7e743\" data-element_type=\"column\">\n\t\t\t<div class=\"elementor-widget-wrap elementor-element-populated\">\n\t\t\t\t\t\t<div class=\"elementor-element elementor-element-13c731f elementor-widget-divider--view-line elementor-widget elementor-widget-divider\" data-id=\"13c731f\" data-element_type=\"widget\" data-widget_type=\"divider.default\">\n\t\t\t\t<div class=\"elementor-widget-container\">\n\t\t\t\t\t\t\t<div class=\"elementor-divider\">\n\t\t\t<span class=\"elementor-divider-separator\">\n\t\t\t\t\t\t<\/span>\n\t\t<\/div>\n\t\t\t\t\t\t<\/div>\n\t\t\t\t<\/div>\n\t\t\t\t<section class=\"elementor-section elementor-inner-section elementor-element elementor-element-a716d80 elementor-section-boxed elementor-section-height-default elementor-section-height-default\" data-id=\"a716d80\" data-element_type=\"section\">\n\t\t\t\t\t\t<div class=\"elementor-container elementor-column-gap-default\">\n\t\t\t\t\t<div class=\"elementor-column elementor-col-50 elementor-inner-column elementor-element elementor-element-bdb7154\" data-id=\"bdb7154\" data-element_type=\"column\" data-settings=\"{&quot;background_background&quot;:&quot;gradient&quot;}\">\n\t\t\t<div class=\"elementor-widget-wrap elementor-element-populated\">\n\t\t\t\t\t\t<div class=\"elementor-element elementor-element-d9af955 elementor-widget elementor-widget-image\" data-id=\"d9af955\" data-element_type=\"widget\" data-widget_type=\"image.default\">\n\t\t\t\t<div class=\"elementor-widget-container\">\n\t\t\t\t\t\t\t\t\t\t\t\t\t\t\t<img fetchpriority=\"high\" decoding=\"async\" width=\"2048\" height=\"1014\" src=\"https:\/\/www.faraobyce.sk\/wp-content\/uploads\/2026\/04\/ovce-2048x1014.jpg\" class=\"attachment-2048x2048 size-2048x2048 wp-image-7261\" alt=\"\" srcset=\"https:\/\/www.faraobyce.sk\/wp-content\/uploads\/2026\/04\/ovce-2048x1014.jpg 2048w, https:\/\/www.faraobyce.sk\/wp-content\/uploads\/2026\/04\/ovce-300x149.jpg 300w, https:\/\/www.faraobyce.sk\/wp-content\/uploads\/2026\/04\/ovce-1024x507.jpg 1024w, https:\/\/www.faraobyce.sk\/wp-content\/uploads\/2026\/04\/ovce-768x380.jpg 768w, https:\/\/www.faraobyce.sk\/wp-content\/uploads\/2026\/04\/ovce-1536x760.jpg 1536w\" sizes=\"(max-width: 2048px) 100vw, 2048px\" \/>\t\t\t\t\t\t\t\t\t\t\t\t\t\t\t<\/div>\n\t\t\t\t<\/div>\n\t\t\t\t\t<\/div>\n\t\t<\/div>\n\t\t\t\t<div class=\"elementor-column elementor-col-50 elementor-inner-column elementor-element elementor-element-c3ce4d7\" data-id=\"c3ce4d7\" data-element_type=\"column\" data-settings=\"{&quot;background_background&quot;:&quot;gradient&quot;}\">\n\t\t\t<div class=\"elementor-widget-wrap elementor-element-populated\">\n\t\t\t\t\t\t<div class=\"elementor-element elementor-element-18ae375 elementor-widget elementor-widget-text-editor\" data-id=\"18ae375\" data-element_type=\"widget\" data-widget_type=\"text-editor.default\">\n\t\t\t\t<div class=\"elementor-widget-container\">\n\t\t\t\t\t\t\t\t\t<p style=\"text-align: right;\"><span style=\"text-decoration: underline;\"><em><strong><a title=\"10. \u0160tvrt\u00e1 velkono\u010dn\u00e1 nede\u013ea\" href=\"https:\/\/www.faraobyce.sk\/wp-content\/uploads\/2026\/04\/10.-Stvrta-velkonocna-nedela.pdf\"><span style=\"color: #000000; text-decoration: underline;\">\u0160tvrt\u00e1 ve\u013ekono\u010dn\u00e1 nede\u013ea<\/span> <\/a><\/strong><\/em><\/span><\/p>\t\t\t\t\t\t\t\t<\/div>\n\t\t\t\t<\/div>\n\t\t\t\t\t<\/div>\n\t\t<\/div>\n\t\t\t\t\t<\/div>\n\t\t<\/section>\n\t\t\t\t<div class=\"elementor-element elementor-element-774eaa7 elementor-widget-divider--view-line_text elementor-widget-divider--element-align-center elementor-widget elementor-widget-divider\" data-id=\"774eaa7\" data-element_type=\"widget\" data-widget_type=\"divider.default\">\n\t\t\t\t<div class=\"elementor-widget-container\">\n\t\t\t\t\t\t\t<div class=\"elementor-divider\">\n\t\t\t<span class=\"elementor-divider-separator\">\n\t\t\t\t\t\t\t<span class=\"elementor-divider__text elementor-divider__element\">\n\t\t\t\t26.4.2026\t\t\t\t<\/span>\n\t\t\t\t\t\t<\/span>\n\t\t<\/div>\n\t\t\t\t\t\t<\/div>\n\t\t\t\t<\/div>\n\t\t\t\t<section class=\"elementor-section elementor-inner-section elementor-element elementor-element-272d9bf elementor-section-boxed elementor-section-height-default elementor-section-height-default\" data-id=\"272d9bf\" data-element_type=\"section\">\n\t\t\t\t\t\t<div class=\"elementor-container elementor-column-gap-default\">\n\t\t\t\t\t<div class=\"elementor-column elementor-col-50 elementor-inner-column elementor-element elementor-element-f5a05c4\" data-id=\"f5a05c4\" data-element_type=\"column\" data-settings=\"{&quot;background_background&quot;:&quot;gradient&quot;}\">\n\t\t\t<div class=\"elementor-widget-wrap elementor-element-populated\">\n\t\t\t\t\t\t<div class=\"elementor-element elementor-element-1fedc16 elementor-widget elementor-widget-text-editor\" data-id=\"1fedc16\" data-element_type=\"widget\" data-widget_type=\"text-editor.default\">\n\t\t\t\t<div class=\"elementor-widget-container\">\n\t\t\t\t\t\t\t\t\t<p><em><span style=\"text-decoration: underline;\"><strong><span style=\"color: #000000;\"><a style=\"color: #000000; text-decoration: underline;\" title=\"9. Tretia ve\u013ekono\u010dn\u00e1 nedela\" href=\"https:\/\/www.faraobyce.sk\/wp-content\/uploads\/2026\/04\/9.-Tretia-velkonocna-nedela-1.pdf\">Tretia ve\u013ekono\u010dn\u00e1 nede\u013ea<\/a><\/span><\/strong><\/span><\/em><\/p>\t\t\t\t\t\t\t\t<\/div>\n\t\t\t\t<\/div>\n\t\t\t\t\t<\/div>\n\t\t<\/div>\n\t\t\t\t<div class=\"elementor-column elementor-col-50 elementor-inner-column elementor-element elementor-element-be886f8\" data-id=\"be886f8\" data-element_type=\"column\" data-settings=\"{&quot;background_background&quot;:&quot;gradient&quot;}\">\n\t\t\t<div class=\"elementor-widget-wrap elementor-element-populated\">\n\t\t\t\t\t\t<div class=\"elementor-element elementor-element-b92d22d elementor-widget__width-initial elementor-widget elementor-widget-image\" data-id=\"b92d22d\" data-element_type=\"widget\" data-widget_type=\"image.default\">\n\t\t\t\t<div class=\"elementor-widget-container\">\n\t\t\t\t\t\t\t\t\t\t\t\t\t\t\t<img decoding=\"async\" width=\"1024\" height=\"683\" src=\"https:\/\/www.faraobyce.sk\/wp-content\/uploads\/2026\/04\/book-1024x683.jpg\" class=\"attachment-large size-large wp-image-7236\" alt=\"\" srcset=\"https:\/\/www.faraobyce.sk\/wp-content\/uploads\/2026\/04\/book-1024x683.jpg 1024w, https:\/\/www.faraobyce.sk\/wp-content\/uploads\/2026\/04\/book-300x200.jpg 300w, https:\/\/www.faraobyce.sk\/wp-content\/uploads\/2026\/04\/book-768x512.jpg 768w, https:\/\/www.faraobyce.sk\/wp-content\/uploads\/2026\/04\/book-1536x1024.jpg 1536w, https:\/\/www.faraobyce.sk\/wp-content\/uploads\/2026\/04\/book-2048x1365.jpg 2048w, https:\/\/www.faraobyce.sk\/wp-content\/uploads\/2026\/04\/book-930x620.jpg 930w\" sizes=\"(max-width: 1024px) 100vw, 1024px\" \/>\t\t\t\t\t\t\t\t\t\t\t\t\t\t\t<\/div>\n\t\t\t\t<\/div>\n\t\t\t\t\t<\/div>\n\t\t<\/div>\n\t\t\t\t\t<\/div>\n\t\t<\/section>\n\t\t\t\t<div class=\"elementor-element elementor-element-ed9627d elementor-widget-divider--view-line_text elementor-widget-divider--element-align-center elementor-widget elementor-widget-divider\" data-id=\"ed9627d\" data-element_type=\"widget\" data-widget_type=\"divider.default\">\n\t\t\t\t<div class=\"elementor-widget-container\">\n\t\t\t\t\t\t\t<div class=\"elementor-divider\">\n\t\t\t<span class=\"elementor-divider-separator\">\n\t\t\t\t\t\t\t<span class=\"elementor-divider__text elementor-divider__element\">\n\t\t\t\t19.4.2026\t\t\t\t<\/span>\n\t\t\t\t\t\t<\/span>\n\t\t<\/div>\n\t\t\t\t\t\t<\/div>\n\t\t\t\t<\/div>\n\t\t\t\t<section class=\"elementor-section elementor-inner-section elementor-element elementor-element-75f3308 elementor-section-boxed elementor-section-height-default elementor-section-height-default\" data-id=\"75f3308\" data-element_type=\"section\">\n\t\t\t\t\t\t<div class=\"elementor-container elementor-column-gap-default\">\n\t\t\t\t\t<div class=\"elementor-column elementor-col-50 elementor-inner-column elementor-element elementor-element-1af4492\" data-id=\"1af4492\" data-element_type=\"column\" data-settings=\"{&quot;background_background&quot;:&quot;gradient&quot;}\">\n\t\t\t<div class=\"elementor-widget-wrap elementor-element-populated\">\n\t\t\t\t\t\t<div class=\"elementor-element elementor-element-74ed199 elementor-widget__width-initial elementor-widget elementor-widget-image\" data-id=\"74ed199\" data-element_type=\"widget\" data-widget_type=\"image.default\">\n\t\t\t\t<div class=\"elementor-widget-container\">\n\t\t\t\t\t\t\t\t\t\t\t\t\t\t\t<img decoding=\"async\" width=\"1024\" height=\"683\" src=\"https:\/\/www.faraobyce.sk\/wp-content\/uploads\/2026\/04\/Jesus-and-Tom-1024x683.jpg\" class=\"attachment-large size-large wp-image-7222\" alt=\"\" srcset=\"https:\/\/www.faraobyce.sk\/wp-content\/uploads\/2026\/04\/Jesus-and-Tom-1024x683.jpg 1024w, https:\/\/www.faraobyce.sk\/wp-content\/uploads\/2026\/04\/Jesus-and-Tom-300x200.jpg 300w, https:\/\/www.faraobyce.sk\/wp-content\/uploads\/2026\/04\/Jesus-and-Tom-768x512.jpg 768w, https:\/\/www.faraobyce.sk\/wp-content\/uploads\/2026\/04\/Jesus-and-Tom-1536x1024.jpg 1536w, https:\/\/www.faraobyce.sk\/wp-content\/uploads\/2026\/04\/Jesus-and-Tom-2048x1365.jpg 2048w, https:\/\/www.faraobyce.sk\/wp-content\/uploads\/2026\/04\/Jesus-and-Tom-930x620.jpg 930w\" sizes=\"(max-width: 1024px) 100vw, 1024px\" \/>\t\t\t\t\t\t\t\t\t\t\t\t\t\t\t<\/div>\n\t\t\t\t<\/div>\n\t\t\t\t\t<\/div>\n\t\t<\/div>\n\t\t\t\t<div class=\"elementor-column elementor-col-50 elementor-inner-column elementor-element elementor-element-488a0a4\" data-id=\"488a0a4\" data-element_type=\"column\" data-settings=\"{&quot;background_background&quot;:&quot;gradient&quot;}\">\n\t\t\t<div class=\"elementor-widget-wrap elementor-element-populated\">\n\t\t\t\t\t\t<div class=\"elementor-element elementor-element-d4568ff elementor-widget elementor-widget-text-editor\" data-id=\"d4568ff\" data-element_type=\"widget\" data-widget_type=\"text-editor.default\">\n\t\t\t\t<div class=\"elementor-widget-container\">\n\t\t\t\t\t\t\t\t\t<p style=\"text-align: right;\"><em><span style=\"text-decoration: underline;\"><strong><span style=\"color: #000000;\"><a style=\"color: #000000; text-decoration: underline;\" title=\"8. Druh\u00e1 ve\u013ekono\u010dn\u00e1 nede\u013ea\" href=\"https:\/\/www.faraobyce.sk\/wp-content\/uploads\/2026\/04\/8.-Druha-velkonocna-nedela.pdf\">Druh\u00e1 ve\u013ekono\u010dn\u00e1 nede\u013ea <\/a><\/span><\/strong><\/span><\/em><\/p>\t\t\t\t\t\t\t\t<\/div>\n\t\t\t\t<\/div>\n\t\t\t\t\t<\/div>\n\t\t<\/div>\n\t\t\t\t\t<\/div>\n\t\t<\/section>\n\t\t\t\t<div class=\"elementor-element elementor-element-cbe6c22 elementor-widget-divider--view-line_text elementor-widget-divider--element-align-center elementor-widget elementor-widget-divider\" data-id=\"cbe6c22\" data-element_type=\"widget\" data-widget_type=\"divider.default\">\n\t\t\t\t<div class=\"elementor-widget-container\">\n\t\t\t\t\t\t\t<div class=\"elementor-divider\">\n\t\t\t<span class=\"elementor-divider-separator\">\n\t\t\t\t\t\t\t<span class=\"elementor-divider__text elementor-divider__element\">\n\t\t\t\t12.4.2026\t\t\t\t<\/span>\n\t\t\t\t\t\t<\/span>\n\t\t<\/div>\n\t\t\t\t\t\t<\/div>\n\t\t\t\t<\/div>\n\t\t\t\t<section class=\"elementor-section elementor-inner-section elementor-element elementor-element-ede71d1 elementor-section-boxed elementor-section-height-default elementor-section-height-default\" data-id=\"ede71d1\" data-element_type=\"section\">\n\t\t\t\t\t\t<div class=\"elementor-container elementor-column-gap-default\">\n\t\t\t\t\t<div class=\"elementor-column elementor-col-50 elementor-inner-column elementor-element elementor-element-d70c81a\" data-id=\"d70c81a\" data-element_type=\"column\" data-settings=\"{&quot;background_background&quot;:&quot;gradient&quot;}\">\n\t\t\t<div class=\"elementor-widget-wrap elementor-element-populated\">\n\t\t\t\t\t\t<div class=\"elementor-element elementor-element-86bd514 elementor-widget elementor-widget-text-editor\" data-id=\"86bd514\" data-element_type=\"widget\" data-widget_type=\"text-editor.default\">\n\t\t\t\t<div class=\"elementor-widget-container\">\n\t\t\t\t\t\t\t\t\t<p><em><span style=\"text-decoration: underline;\"><strong><span style=\"color: #000000;\"><a style=\"color: #000000; text-decoration: underline;\" title=\"7. Nedela zmrtvychvstania\" href=\"https:\/\/www.faraobyce.sk\/wp-content\/uploads\/2026\/04\/7.-Nedela-zmrtvychvstania.pdf\">Nede\u013ea zm\u0155tvychvstania <\/a><\/span><\/strong><\/span><\/em><\/p>\t\t\t\t\t\t\t\t<\/div>\n\t\t\t\t<\/div>\n\t\t\t\t\t<\/div>\n\t\t<\/div>\n\t\t\t\t<div class=\"elementor-column elementor-col-50 elementor-inner-column elementor-element elementor-element-a9f2452\" data-id=\"a9f2452\" data-element_type=\"column\" data-settings=\"{&quot;background_background&quot;:&quot;gradient&quot;}\">\n\t\t\t<div class=\"elementor-widget-wrap elementor-element-populated\">\n\t\t\t\t\t\t<div class=\"elementor-element elementor-element-a62ab7a elementor-widget elementor-widget-image\" data-id=\"a62ab7a\" data-element_type=\"widget\" data-widget_type=\"image.default\">\n\t\t\t\t<div class=\"elementor-widget-container\">\n\t\t\t\t\t\t\t\t\t\t\t\t\t\t\t<img loading=\"lazy\" decoding=\"async\" width=\"1024\" height=\"683\" src=\"https:\/\/www.faraobyce.sk\/wp-content\/uploads\/2026\/04\/vychod-slnka-1024x683.jpg\" class=\"attachment-large size-large wp-image-7190\" alt=\"\" srcset=\"https:\/\/www.faraobyce.sk\/wp-content\/uploads\/2026\/04\/vychod-slnka-1024x683.jpg 1024w, https:\/\/www.faraobyce.sk\/wp-content\/uploads\/2026\/04\/vychod-slnka-300x200.jpg 300w, https:\/\/www.faraobyce.sk\/wp-content\/uploads\/2026\/04\/vychod-slnka-768x512.jpg 768w, https:\/\/www.faraobyce.sk\/wp-content\/uploads\/2026\/04\/vychod-slnka-1536x1024.jpg 1536w, https:\/\/www.faraobyce.sk\/wp-content\/uploads\/2026\/04\/vychod-slnka-2048x1365.jpg 2048w, https:\/\/www.faraobyce.sk\/wp-content\/uploads\/2026\/04\/vychod-slnka-930x620.jpg 930w\" sizes=\"(max-width: 1024px) 100vw, 1024px\" \/>\t\t\t\t\t\t\t\t\t\t\t\t\t\t\t<\/div>\n\t\t\t\t<\/div>\n\t\t\t\t\t<\/div>\n\t\t<\/div>\n\t\t\t\t\t<\/div>\n\t\t<\/section>\n\t\t\t\t<div class=\"elementor-element elementor-element-25f2a62 elementor-widget-divider--view-line_text elementor-widget-divider--element-align-center elementor-widget elementor-widget-divider\" data-id=\"25f2a62\" data-element_type=\"widget\" data-widget_type=\"divider.default\">\n\t\t\t\t<div class=\"elementor-widget-container\">\n\t\t\t\t\t\t\t<div class=\"elementor-divider\">\n\t\t\t<span class=\"elementor-divider-separator\">\n\t\t\t\t\t\t\t<span class=\"elementor-divider__text elementor-divider__element\">\n\t\t\t\t5.4.2026\t\t\t\t<\/span>\n\t\t\t\t\t\t<\/span>\n\t\t<\/div>\n\t\t\t\t\t\t<\/div>\n\t\t\t\t<\/div>\n\t\t\t\t\t<\/div>\n\t\t<\/div>\n\t\t\t\t\t<\/div>\n\t\t<\/section>\n\t\t\t\t<\/div>\n\t\t","protected":false},"excerpt":{"rendered":"<p>\u0160tvrt\u00e1 ve\u013ekono\u010dn\u00e1 nede\u013ea 26.4.2026 Tretia ve\u013ekono\u010dn\u00e1 nede\u013ea 19.4.2026 Druh\u00e1 ve\u013ekono\u010dn\u00e1 nede\u013ea 12.4.2026 Nede\u013ea zm\u0155tvychvstania 5.4.2026<\/p>\n","protected":false},"author":1,"featured_media":0,"parent":144,"menu_order":201,"comment_status":"closed","ping_status":"closed","template":"page-templates\/template-pagebuilder-full-width.php","meta":{"_eb_attr":"","_monsterinsights_skip_tracking":false,"_monsterinsights_sitenote_active":false,"_monsterinsights_sitenote_note":"","_monsterinsights_sitenote_category":0,"neve_meta_sidebar":"","neve_meta_container":"","neve_meta_enable_content_width":"","neve_meta_content_width":0,"neve_meta_title_alignment":"","neve_meta_author_avatar":"","neve_post_elements_order":"","neve_meta_disable_header":"","neve_meta_disable_footer":"","neve_meta_disable_title":"","footnotes":""},"class_list":["post-588","page","type-page","status-publish","hentry"],"yoast_head":"<!-- This site is optimized with the Yoast SEO plugin v22.1 - https:\/\/yoast.com\/wordpress\/plugins\/seo\/ -->\n<title>Farsk\u00e9 oznamy -<\/title>\n<meta name=\"robots\" content=\"index, follow, max-snippet:-1, max-image-preview:large, max-video-preview:-1\" \/>\n<link rel=\"canonical\" href=\"https:\/\/www.faraobyce.sk\/?page_id=588\" \/>\n<meta property=\"og:locale\" content=\"sk_SK\" \/>\n<meta property=\"og:type\" content=\"article\" \/>\n<meta property=\"og:title\" content=\"Farsk\u00e9 oznamy -\" \/>\n<meta property=\"og:description\" content=\"\u0160tvrt\u00e1 ve\u013ekono\u010dn\u00e1 nede\u013ea 26.4.2026 Tretia ve\u013ekono\u010dn\u00e1 nede\u013ea 19.4.2026 Druh\u00e1 ve\u013ekono\u010dn\u00e1 nede\u013ea 12.4.2026 Nede\u013ea zm\u0155tvychvstania 5.4.2026\" \/>\n<meta property=\"og:url\" content=\"https:\/\/www.faraobyce.sk\/?page_id=588\" \/>\n<meta property=\"article:modified_time\" content=\"2026-04-25T13:47:30+00:00\" \/>\n<meta property=\"og:image\" content=\"https:\/\/www.faraobyce.sk\/wp-content\/uploads\/2026\/04\/ovce-2048x1014.jpg\" \/>\n<meta name=\"twitter:card\" content=\"summary_large_image\" \/>\n<script type=\"application\/ld+json\" class=\"yoast-schema-graph\">{\"@context\":\"https:\/\/schema.org\",\"@graph\":[{\"@type\":\"WebPage\",\"@id\":\"https:\/\/www.faraobyce.sk\/?page_id=588\",\"url\":\"https:\/\/www.faraobyce.sk\/?page_id=588\",\"name\":\"Farsk\u00e9 oznamy -\",\"isPartOf\":{\"@id\":\"https:\/\/www.faraobyce.sk\/#website\"},\"datePublished\":\"2021-11-21T10:21:52+00:00\",\"dateModified\":\"2026-04-25T13:47:30+00:00\",\"breadcrumb\":{\"@id\":\"https:\/\/www.faraobyce.sk\/?page_id=588#breadcrumb\"},\"inLanguage\":\"sk-SK\",\"potentialAction\":[{\"@type\":\"ReadAction\",\"target\":[\"https:\/\/www.faraobyce.sk\/?page_id=588\"]}]},{\"@type\":\"BreadcrumbList\",\"@id\":\"https:\/\/www.faraobyce.sk\/?page_id=588#breadcrumb\",\"itemListElement\":[{\"@type\":\"ListItem\",\"position\":1,\"name\":\"Home\",\"item\":\"https:\/\/www.faraobyce.sk\/\"},{\"@type\":\"ListItem\",\"position\":2,\"name\":\"Bohoslu\u017eby\",\"item\":\"https:\/\/www.faraobyce.sk\/?page_id=144\"},{\"@type\":\"ListItem\",\"position\":3,\"name\":\"Farsk\u00e9 oznamy\"}]},{\"@type\":\"WebSite\",\"@id\":\"https:\/\/www.faraobyce.sk\/#website\",\"url\":\"https:\/\/www.faraobyce.sk\/\",\"name\":\"\",\"description\":\"\",\"potentialAction\":[{\"@type\":\"SearchAction\",\"target\":{\"@type\":\"EntryPoint\",\"urlTemplate\":\"https:\/\/www.faraobyce.sk\/?s={search_term_string}\"},\"query-input\":\"required name=search_term_string\"}],\"inLanguage\":\"sk-SK\"}]}<\/script>\n<!-- \/ Yoast SEO plugin. -->","yoast_head_json":{"title":"Farsk\u00e9 oznamy -","robots":{"index":"index","follow":"follow","max-snippet":"max-snippet:-1","max-image-preview":"max-image-preview:large","max-video-preview":"max-video-preview:-1"},"canonical":"https:\/\/www.faraobyce.sk\/?page_id=588","og_locale":"sk_SK","og_type":"article","og_title":"Farsk\u00e9 oznamy -","og_description":"\u0160tvrt\u00e1 ve\u013ekono\u010dn\u00e1 nede\u013ea 26.4.2026 Tretia ve\u013ekono\u010dn\u00e1 nede\u013ea 19.4.2026 Druh\u00e1 ve\u013ekono\u010dn\u00e1 nede\u013ea 12.4.2026 Nede\u013ea zm\u0155tvychvstania 5.4.2026","og_url":"https:\/\/www.faraobyce.sk\/?page_id=588","article_modified_time":"2026-04-25T13:47:30+00:00","og_image":[{"url":"https:\/\/www.faraobyce.sk\/wp-content\/uploads\/2026\/04\/ovce-2048x1014.jpg"}],"twitter_card":"summary_large_image","schema":{"@context":"https:\/\/schema.org","@graph":[{"@type":"WebPage","@id":"https:\/\/www.faraobyce.sk\/?page_id=588","url":"https:\/\/www.faraobyce.sk\/?page_id=588","name":"Farsk\u00e9 oznamy -","isPartOf":{"@id":"https:\/\/www.faraobyce.sk\/#website"},"datePublished":"2021-11-21T10:21:52+00:00","dateModified":"2026-04-25T13:47:30+00:00","breadcrumb":{"@id":"https:\/\/www.faraobyce.sk\/?page_id=588#breadcrumb"},"inLanguage":"sk-SK","potentialAction":[{"@type":"ReadAction","target":["https:\/\/www.faraobyce.sk\/?page_id=588"]}]},{"@type":"BreadcrumbList","@id":"https:\/\/www.faraobyce.sk\/?page_id=588#breadcrumb","itemListElement":[{"@type":"ListItem","position":1,"name":"Home","item":"https:\/\/www.faraobyce.sk\/"},{"@type":"ListItem","position":2,"name":"Bohoslu\u017eby","item":"https:\/\/www.faraobyce.sk\/?page_id=144"},{"@type":"ListItem","position":3,"name":"Farsk\u00e9 oznamy"}]},{"@type":"WebSite","@id":"https:\/\/www.faraobyce.sk\/#website","url":"https:\/\/www.faraobyce.sk\/","name":"","description":"","potentialAction":[{"@type":"SearchAction","target":{"@type":"EntryPoint","urlTemplate":"https:\/\/www.faraobyce.sk\/?s={search_term_string}"},"query-input":"required name=search_term_string"}],"inLanguage":"sk-SK"}]}},"_links":{"self":[{"href":"https:\/\/www.faraobyce.sk\/index.php?rest_route=\/wp\/v2\/pages\/588","targetHints":{"allow":["GET"]}}],"collection":[{"href":"https:\/\/www.faraobyce.sk\/index.php?rest_route=\/wp\/v2\/pages"}],"about":[{"href":"https:\/\/www.faraobyce.sk\/index.php?rest_route=\/wp\/v2\/types\/page"}],"author":[{"embeddable":true,"href":"https:\/\/www.faraobyce.sk\/index.php?rest_route=\/wp\/v2\/users\/1"}],"replies":[{"embeddable":true,"href":"https:\/\/www.faraobyce.sk\/index.php?rest_route=%2Fwp%2Fv2%2Fcomments&post=588"}],"version-history":[{"count":6,"href":"https:\/\/www.faraobyce.sk\/index.php?rest_route=\/wp\/v2\/pages\/588\/revisions"}],"predecessor-version":[{"id":7274,"href":"https:\/\/www.faraobyce.sk\/index.php?rest_route=\/wp\/v2\/pages\/588\/revisions\/7274"}],"up":[{"embeddable":true,"href":"https:\/\/www.faraobyce.sk\/index.php?rest_route=\/wp\/v2\/pages\/144"}],"wp:attachment":[{"href":"https:\/\/www.faraobyce.sk\/index.php?rest_route=%2Fwp%2Fv2%2Fmedia&parent=588"}],"curies":[{"name":"wp","href":"https:\/\/api.w.org\/{rel}","templated":true}]}}