{"id":3766,"date":"2023-07-23T09:54:37","date_gmt":"2023-07-23T07:54:37","guid":{"rendered":"https:\/\/www.faraobyce.sk\/?page_id=3766"},"modified":"2023-07-23T10:22:17","modified_gmt":"2023-07-23T08:22:17","slug":"ministrantska-put-ii-do-marianky-19-6-2023","status":"publish","type":"page","link":"https:\/\/www.faraobyce.sk\/?page_id=3766","title":{"rendered":"Mini\u0161trantsk\u00e1 p\u00fa\u0165 do Marianky (19.6.2023)"},"content":{"rendered":"\t\t<div data-elementor-type=\"wp-page\" data-elementor-id=\"3766\" class=\"elementor elementor-3766\" data-elementor-post-type=\"page\">\n\t\t\t\t\t\t<section class=\"elementor-section elementor-top-section elementor-element elementor-element-1e86583 elementor-section-boxed elementor-section-height-default elementor-section-height-default elementor-invisible\" data-id=\"1e86583\" data-element_type=\"section\" data-settings=\"{&quot;animation&quot;:&quot;rotateIn&quot;}\">\n\t\t\t\t\t\t<div class=\"elementor-container elementor-column-gap-default\">\n\t\t\t\t\t<div class=\"elementor-column elementor-col-100 elementor-top-column elementor-element elementor-element-127ee11\" data-id=\"127ee11\" data-element_type=\"column\">\n\t\t\t<div class=\"elementor-widget-wrap elementor-element-populated\">\n\t\t\t\t\t\t<div class=\"elementor-element elementor-element-b1a1330 elementor-widget elementor-widget-gallery\" data-id=\"b1a1330\" data-element_type=\"widget\" data-settings=\"{&quot;gap&quot;:{&quot;unit&quot;:&quot;px&quot;,&quot;size&quot;:4,&quot;sizes&quot;:[]},&quot;aspect_ratio&quot;:&quot;16:9&quot;,&quot;overlay_title&quot;:&quot;title&quot;,&quot;lazyload&quot;:&quot;yes&quot;,&quot;gallery_layout&quot;:&quot;grid&quot;,&quot;columns&quot;:4,&quot;columns_tablet&quot;:2,&quot;columns_mobile&quot;:1,&quot;gap_tablet&quot;:{&quot;unit&quot;:&quot;px&quot;,&quot;size&quot;:10,&quot;sizes&quot;:[]},&quot;gap_mobile&quot;:{&quot;unit&quot;:&quot;px&quot;,&quot;size&quot;:10,&quot;sizes&quot;:[]},&quot;link_to&quot;:&quot;file&quot;,&quot;overlay_background&quot;:&quot;yes&quot;,&quot;content_hover_animation&quot;:&quot;fade-in&quot;}\" data-widget_type=\"gallery.default\">\n\t\t\t\t<div class=\"elementor-widget-container\">\n\t\t\t\t\t\t\t<div class=\"elementor-gallery__container\">\n\t\t\t\t\t\t\t<a class=\"e-gallery-item elementor-gallery-item elementor-animated-content\" href=\"https:\/\/www.faraobyce.sk\/wp-content\/uploads\/2023\/07\/Foto-1.jpg\" data-elementor-open-lightbox=\"yes\" data-elementor-lightbox-slideshow=\"b1a1330\" data-elementor-lightbox-title=\"Foto 1\" data-e-action-hash=\"#elementor-action%3Aaction%3Dlightbox%26settings%3DeyJpZCI6Mzc3MCwidXJsIjoiaHR0cHM6XC9cL3d3dy5mYXJhb2J5Y2Uuc2tcL3dwLWNvbnRlbnRcL3VwbG9hZHNcLzIwMjNcLzA3XC9Gb3RvLTEuanBnIiwic2xpZGVzaG93IjoiYjFhMTMzMCJ9\">\n\t\t\t\t\t<div class=\"e-gallery-image elementor-gallery-item__image\" data-thumbnail=\"https:\/\/www.faraobyce.sk\/wp-content\/uploads\/2023\/07\/Foto-1-1024x576.jpg\" data-width=\"1024\" data-height=\"576\" aria-label=\"\" role=\"img\" ><\/div>\n\t\t\t\t\t\t\t\t\t\t\t<div class=\"elementor-gallery-item__overlay\"><\/div>\n\t\t\t\t\t\t\t\t\t\t\t\t\t\t\t<div class=\"elementor-gallery-item__content\">\n\t\t\t\t\t\t\t\t\t\t\t\t\t\t<div class=\"elementor-gallery-item__title\">\n\t\t\t\t\t\t\t\t\t\t\t\t\t\t\t\t\t\tFoto 1\t\t\t\t\t\t\t\t<\/div>\n\t\t\t\t\t\t\t\t\t\t\t\t<\/div>\n\t\t\t\t\t\t\t\t\t<\/a>\n\t\t\t\t\t\t\t<a class=\"e-gallery-item elementor-gallery-item elementor-animated-content\" href=\"https:\/\/www.faraobyce.sk\/wp-content\/uploads\/2023\/07\/foto-2.jpg\" data-elementor-open-lightbox=\"yes\" data-elementor-lightbox-slideshow=\"b1a1330\" data-elementor-lightbox-title=\"foto 2\" data-e-action-hash=\"#elementor-action%3Aaction%3Dlightbox%26settings%3DeyJpZCI6Mzc3MSwidXJsIjoiaHR0cHM6XC9cL3d3dy5mYXJhb2J5Y2Uuc2tcL3dwLWNvbnRlbnRcL3VwbG9hZHNcLzIwMjNcLzA3XC9mb3RvLTIuanBnIiwic2xpZGVzaG93IjoiYjFhMTMzMCJ9\">\n\t\t\t\t\t<div class=\"e-gallery-image elementor-gallery-item__image\" data-thumbnail=\"https:\/\/www.faraobyce.sk\/wp-content\/uploads\/2023\/07\/foto-2-768x1024.jpg\" data-width=\"768\" data-height=\"1024\" aria-label=\"\" role=\"img\" ><\/div>\n\t\t\t\t\t\t\t\t\t\t\t<div class=\"elementor-gallery-item__overlay\"><\/div>\n\t\t\t\t\t\t\t\t\t\t\t\t\t\t\t<div class=\"elementor-gallery-item__content\">\n\t\t\t\t\t\t\t\t\t\t\t\t\t\t<div class=\"elementor-gallery-item__title\">\n\t\t\t\t\t\t\t\t\t\t\t\t\t\t\t\t\t\tfoto 2\t\t\t\t\t\t\t\t<\/div>\n\t\t\t\t\t\t\t\t\t\t\t\t<\/div>\n\t\t\t\t\t\t\t\t\t<\/a>\n\t\t\t\t\t\t\t<a class=\"e-gallery-item elementor-gallery-item elementor-animated-content\" href=\"https:\/\/www.faraobyce.sk\/wp-content\/uploads\/2023\/07\/Foto-3.jpg\" data-elementor-open-lightbox=\"yes\" data-elementor-lightbox-slideshow=\"b1a1330\" data-elementor-lightbox-title=\"Foto 3\" data-e-action-hash=\"#elementor-action%3Aaction%3Dlightbox%26settings%3DeyJpZCI6Mzc3MiwidXJsIjoiaHR0cHM6XC9cL3d3dy5mYXJhb2J5Y2Uuc2tcL3dwLWNvbnRlbnRcL3VwbG9hZHNcLzIwMjNcLzA3XC9Gb3RvLTMuanBnIiwic2xpZGVzaG93IjoiYjFhMTMzMCJ9\">\n\t\t\t\t\t<div class=\"e-gallery-image elementor-gallery-item__image\" data-thumbnail=\"https:\/\/www.faraobyce.sk\/wp-content\/uploads\/2023\/07\/Foto-3-1024x576.jpg\" data-width=\"1024\" data-height=\"576\" aria-label=\"\" role=\"img\" ><\/div>\n\t\t\t\t\t\t\t\t\t\t\t<div class=\"elementor-gallery-item__overlay\"><\/div>\n\t\t\t\t\t\t\t\t\t\t\t\t\t\t\t<div class=\"elementor-gallery-item__content\">\n\t\t\t\t\t\t\t\t\t\t\t\t\t\t<div class=\"elementor-gallery-item__title\">\n\t\t\t\t\t\t\t\t\t\t\t\t\t\t\t\t\t\tFoto 3\t\t\t\t\t\t\t\t<\/div>\n\t\t\t\t\t\t\t\t\t\t\t\t<\/div>\n\t\t\t\t\t\t\t\t\t<\/a>\n\t\t\t\t\t\t\t<a class=\"e-gallery-item elementor-gallery-item elementor-animated-content\" href=\"https:\/\/www.faraobyce.sk\/wp-content\/uploads\/2023\/07\/Foto-4.jpg\" data-elementor-open-lightbox=\"yes\" data-elementor-lightbox-slideshow=\"b1a1330\" data-elementor-lightbox-title=\"Foto 4\" data-e-action-hash=\"#elementor-action%3Aaction%3Dlightbox%26settings%3DeyJpZCI6Mzc3NCwidXJsIjoiaHR0cHM6XC9cL3d3dy5mYXJhb2J5Y2Uuc2tcL3dwLWNvbnRlbnRcL3VwbG9hZHNcLzIwMjNcLzA3XC9Gb3RvLTQuanBnIiwic2xpZGVzaG93IjoiYjFhMTMzMCJ9\">\n\t\t\t\t\t<div class=\"e-gallery-image elementor-gallery-item__image\" data-thumbnail=\"https:\/\/www.faraobyce.sk\/wp-content\/uploads\/2023\/07\/Foto-4-565x1024.jpg\" data-width=\"565\" data-height=\"1024\" aria-label=\"\" role=\"img\" ><\/div>\n\t\t\t\t\t\t\t\t\t\t\t<div class=\"elementor-gallery-item__overlay\"><\/div>\n\t\t\t\t\t\t\t\t\t\t\t\t\t\t\t<div class=\"elementor-gallery-item__content\">\n\t\t\t\t\t\t\t\t\t\t\t\t\t\t<div class=\"elementor-gallery-item__title\">\n\t\t\t\t\t\t\t\t\t\t\t\t\t\t\t\t\t\tFoto 4\t\t\t\t\t\t\t\t<\/div>\n\t\t\t\t\t\t\t\t\t\t\t\t<\/div>\n\t\t\t\t\t\t\t\t\t<\/a>\n\t\t\t\t\t\t\t<a class=\"e-gallery-item elementor-gallery-item elementor-animated-content\" href=\"https:\/\/www.faraobyce.sk\/wp-content\/uploads\/2023\/07\/Foto-6.jpg\" data-elementor-open-lightbox=\"yes\" data-elementor-lightbox-slideshow=\"b1a1330\" data-elementor-lightbox-title=\"Foto 6\" data-e-action-hash=\"#elementor-action%3Aaction%3Dlightbox%26settings%3DeyJpZCI6Mzc3NiwidXJsIjoiaHR0cHM6XC9cL3d3dy5mYXJhb2J5Y2Uuc2tcL3dwLWNvbnRlbnRcL3VwbG9hZHNcLzIwMjNcLzA3XC9Gb3RvLTYuanBnIiwic2xpZGVzaG93IjoiYjFhMTMzMCJ9\">\n\t\t\t\t\t<div class=\"e-gallery-image elementor-gallery-item__image\" data-thumbnail=\"https:\/\/www.faraobyce.sk\/wp-content\/uploads\/2023\/07\/Foto-6-1024x576.jpg\" data-width=\"1024\" data-height=\"576\" aria-label=\"\" role=\"img\" ><\/div>\n\t\t\t\t\t\t\t\t\t\t\t<div class=\"elementor-gallery-item__overlay\"><\/div>\n\t\t\t\t\t\t\t\t\t\t\t\t\t\t\t<div class=\"elementor-gallery-item__content\">\n\t\t\t\t\t\t\t\t\t\t\t\t\t\t<div class=\"elementor-gallery-item__title\">\n\t\t\t\t\t\t\t\t\t\t\t\t\t\t\t\t\t\tFoto 6\t\t\t\t\t\t\t\t<\/div>\n\t\t\t\t\t\t\t\t\t\t\t\t<\/div>\n\t\t\t\t\t\t\t\t\t<\/a>\n\t\t\t\t\t\t\t<a class=\"e-gallery-item elementor-gallery-item elementor-animated-content\" href=\"https:\/\/www.faraobyce.sk\/wp-content\/uploads\/2023\/07\/Foto-7.jpg\" data-elementor-open-lightbox=\"yes\" data-elementor-lightbox-slideshow=\"b1a1330\" data-elementor-lightbox-title=\"Foto 7\" data-e-action-hash=\"#elementor-action%3Aaction%3Dlightbox%26settings%3DeyJpZCI6Mzc3NywidXJsIjoiaHR0cHM6XC9cL3d3dy5mYXJhb2J5Y2Uuc2tcL3dwLWNvbnRlbnRcL3VwbG9hZHNcLzIwMjNcLzA3XC9Gb3RvLTcuanBnIiwic2xpZGVzaG93IjoiYjFhMTMzMCJ9\">\n\t\t\t\t\t<div class=\"e-gallery-image elementor-gallery-item__image\" data-thumbnail=\"https:\/\/www.faraobyce.sk\/wp-content\/uploads\/2023\/07\/Foto-7-1024x576.jpg\" data-width=\"1024\" data-height=\"576\" aria-label=\"\" role=\"img\" ><\/div>\n\t\t\t\t\t\t\t\t\t\t\t<div class=\"elementor-gallery-item__overlay\"><\/div>\n\t\t\t\t\t\t\t\t\t\t\t\t\t\t\t<div class=\"elementor-gallery-item__content\">\n\t\t\t\t\t\t\t\t\t\t\t\t\t\t<div class=\"elementor-gallery-item__title\">\n\t\t\t\t\t\t\t\t\t\t\t\t\t\t\t\t\t\tFoto 7\t\t\t\t\t\t\t\t<\/div>\n\t\t\t\t\t\t\t\t\t\t\t\t<\/div>\n\t\t\t\t\t\t\t\t\t<\/a>\n\t\t\t\t\t\t\t<a class=\"e-gallery-item elementor-gallery-item elementor-animated-content\" href=\"https:\/\/www.faraobyce.sk\/wp-content\/uploads\/2023\/07\/Foto-8.jpg\" data-elementor-open-lightbox=\"yes\" data-elementor-lightbox-slideshow=\"b1a1330\" data-elementor-lightbox-title=\"Foto 8\" data-e-action-hash=\"#elementor-action%3Aaction%3Dlightbox%26settings%3DeyJpZCI6Mzc3OCwidXJsIjoiaHR0cHM6XC9cL3d3dy5mYXJhb2J5Y2Uuc2tcL3dwLWNvbnRlbnRcL3VwbG9hZHNcLzIwMjNcLzA3XC9Gb3RvLTguanBnIiwic2xpZGVzaG93IjoiYjFhMTMzMCJ9\">\n\t\t\t\t\t<div class=\"e-gallery-image elementor-gallery-item__image\" data-thumbnail=\"https:\/\/www.faraobyce.sk\/wp-content\/uploads\/2023\/07\/Foto-8-1024x576.jpg\" data-width=\"1024\" data-height=\"576\" aria-label=\"\" role=\"img\" ><\/div>\n\t\t\t\t\t\t\t\t\t\t\t<div class=\"elementor-gallery-item__overlay\"><\/div>\n\t\t\t\t\t\t\t\t\t\t\t\t\t\t\t<div class=\"elementor-gallery-item__content\">\n\t\t\t\t\t\t\t\t\t\t\t\t\t\t<div class=\"elementor-gallery-item__title\">\n\t\t\t\t\t\t\t\t\t\t\t\t\t\t\t\t\t\tFoto 8\t\t\t\t\t\t\t\t<\/div>\n\t\t\t\t\t\t\t\t\t\t\t\t<\/div>\n\t\t\t\t\t\t\t\t\t<\/a>\n\t\t\t\t\t\t\t<a class=\"e-gallery-item elementor-gallery-item elementor-animated-content\" href=\"https:\/\/www.faraobyce.sk\/wp-content\/uploads\/2023\/07\/Foto-9.jpg\" data-elementor-open-lightbox=\"yes\" data-elementor-lightbox-slideshow=\"b1a1330\" data-elementor-lightbox-title=\"Foto 9\" data-e-action-hash=\"#elementor-action%3Aaction%3Dlightbox%26settings%3DeyJpZCI6Mzc3OSwidXJsIjoiaHR0cHM6XC9cL3d3dy5mYXJhb2J5Y2Uuc2tcL3dwLWNvbnRlbnRcL3VwbG9hZHNcLzIwMjNcLzA3XC9Gb3RvLTkuanBnIiwic2xpZGVzaG93IjoiYjFhMTMzMCJ9\">\n\t\t\t\t\t<div class=\"e-gallery-image elementor-gallery-item__image\" data-thumbnail=\"https:\/\/www.faraobyce.sk\/wp-content\/uploads\/2023\/07\/Foto-9-1024x576.jpg\" data-width=\"1024\" data-height=\"576\" aria-label=\"\" role=\"img\" ><\/div>\n\t\t\t\t\t\t\t\t\t\t\t<div class=\"elementor-gallery-item__overlay\"><\/div>\n\t\t\t\t\t\t\t\t\t\t\t\t\t\t\t<div class=\"elementor-gallery-item__content\">\n\t\t\t\t\t\t\t\t\t\t\t\t\t\t<div class=\"elementor-gallery-item__title\">\n\t\t\t\t\t\t\t\t\t\t\t\t\t\t\t\t\t\tFoto 9\t\t\t\t\t\t\t\t<\/div>\n\t\t\t\t\t\t\t\t\t\t\t\t<\/div>\n\t\t\t\t\t\t\t\t\t<\/a>\n\t\t\t\t\t\t\t<a class=\"e-gallery-item elementor-gallery-item elementor-animated-content\" href=\"https:\/\/www.faraobyce.sk\/wp-content\/uploads\/2023\/07\/Foto-10.jpg\" data-elementor-open-lightbox=\"yes\" data-elementor-lightbox-slideshow=\"b1a1330\" data-elementor-lightbox-title=\"Foto 10\" data-e-action-hash=\"#elementor-action%3Aaction%3Dlightbox%26settings%3DeyJpZCI6Mzc4MCwidXJsIjoiaHR0cHM6XC9cL3d3dy5mYXJhb2J5Y2Uuc2tcL3dwLWNvbnRlbnRcL3VwbG9hZHNcLzIwMjNcLzA3XC9Gb3RvLTEwLmpwZyIsInNsaWRlc2hvdyI6ImIxYTEzMzAifQ%3D%3D\">\n\t\t\t\t\t<div class=\"e-gallery-image elementor-gallery-item__image\" data-thumbnail=\"https:\/\/www.faraobyce.sk\/wp-content\/uploads\/2023\/07\/Foto-10-1024x576.jpg\" data-width=\"1024\" data-height=\"576\" aria-label=\"\" role=\"img\" ><\/div>\n\t\t\t\t\t\t\t\t\t\t\t<div class=\"elementor-gallery-item__overlay\"><\/div>\n\t\t\t\t\t\t\t\t\t\t\t\t\t\t\t<div class=\"elementor-gallery-item__content\">\n\t\t\t\t\t\t\t\t\t\t\t\t\t\t<div class=\"elementor-gallery-item__title\">\n\t\t\t\t\t\t\t\t\t\t\t\t\t\t\t\t\t\tFoto 10\t\t\t\t\t\t\t\t<\/div>\n\t\t\t\t\t\t\t\t\t\t\t\t<\/div>\n\t\t\t\t\t\t\t\t\t<\/a>\n\t\t\t\t\t\t\t<a class=\"e-gallery-item elementor-gallery-item elementor-animated-content\" href=\"https:\/\/www.faraobyce.sk\/wp-content\/uploads\/2023\/07\/Foto-11.jpg\" data-elementor-open-lightbox=\"yes\" data-elementor-lightbox-slideshow=\"b1a1330\" data-elementor-lightbox-title=\"Foto 11\" data-e-action-hash=\"#elementor-action%3Aaction%3Dlightbox%26settings%3DeyJpZCI6Mzc4MSwidXJsIjoiaHR0cHM6XC9cL3d3dy5mYXJhb2J5Y2Uuc2tcL3dwLWNvbnRlbnRcL3VwbG9hZHNcLzIwMjNcLzA3XC9Gb3RvLTExLmpwZyIsInNsaWRlc2hvdyI6ImIxYTEzMzAifQ%3D%3D\">\n\t\t\t\t\t<div class=\"e-gallery-image elementor-gallery-item__image\" data-thumbnail=\"https:\/\/www.faraobyce.sk\/wp-content\/uploads\/2023\/07\/Foto-11.jpg\" data-width=\"948\" data-height=\"599\" aria-label=\"\" role=\"img\" ><\/div>\n\t\t\t\t\t\t\t\t\t\t\t<div class=\"elementor-gallery-item__overlay\"><\/div>\n\t\t\t\t\t\t\t\t\t\t\t\t\t\t\t<div class=\"elementor-gallery-item__content\">\n\t\t\t\t\t\t\t\t\t\t\t\t\t\t<div class=\"elementor-gallery-item__title\">\n\t\t\t\t\t\t\t\t\t\t\t\t\t\t\t\t\t\tFoto 11\t\t\t\t\t\t\t\t<\/div>\n\t\t\t\t\t\t\t\t\t\t\t\t<\/div>\n\t\t\t\t\t\t\t\t\t<\/a>\n\t\t\t\t\t\t\t<a class=\"e-gallery-item elementor-gallery-item elementor-animated-content\" href=\"https:\/\/www.faraobyce.sk\/wp-content\/uploads\/2023\/07\/Foto-12.jpg\" data-elementor-open-lightbox=\"yes\" data-elementor-lightbox-slideshow=\"b1a1330\" data-elementor-lightbox-title=\"Foto 12\" data-e-action-hash=\"#elementor-action%3Aaction%3Dlightbox%26settings%3DeyJpZCI6Mzc4MiwidXJsIjoiaHR0cHM6XC9cL3d3dy5mYXJhb2J5Y2Uuc2tcL3dwLWNvbnRlbnRcL3VwbG9hZHNcLzIwMjNcLzA3XC9Gb3RvLTEyLmpwZyIsInNsaWRlc2hvdyI6ImIxYTEzMzAifQ%3D%3D\">\n\t\t\t\t\t<div class=\"e-gallery-image elementor-gallery-item__image\" data-thumbnail=\"https:\/\/www.faraobyce.sk\/wp-content\/uploads\/2023\/07\/Foto-12-1024x576.jpg\" data-width=\"1024\" data-height=\"576\" aria-label=\"\" role=\"img\" ><\/div>\n\t\t\t\t\t\t\t\t\t\t\t<div class=\"elementor-gallery-item__overlay\"><\/div>\n\t\t\t\t\t\t\t\t\t\t\t\t\t\t\t<div class=\"elementor-gallery-item__content\">\n\t\t\t\t\t\t\t\t\t\t\t\t\t\t<div class=\"elementor-gallery-item__title\">\n\t\t\t\t\t\t\t\t\t\t\t\t\t\t\t\t\t\tFoto 12\t\t\t\t\t\t\t\t<\/div>\n\t\t\t\t\t\t\t\t\t\t\t\t<\/div>\n\t\t\t\t\t\t\t\t\t<\/a>\n\t\t\t\t\t\t\t<a class=\"e-gallery-item elementor-gallery-item elementor-animated-content\" href=\"https:\/\/www.faraobyce.sk\/wp-content\/uploads\/2023\/07\/Ministranti-Marianka.jpg\" data-elementor-open-lightbox=\"yes\" data-elementor-lightbox-slideshow=\"b1a1330\" data-elementor-lightbox-title=\"Ministranti Marianka\" data-e-action-hash=\"#elementor-action%3Aaction%3Dlightbox%26settings%3DeyJpZCI6Mzc4NiwidXJsIjoiaHR0cHM6XC9cL3d3dy5mYXJhb2J5Y2Uuc2tcL3dwLWNvbnRlbnRcL3VwbG9hZHNcLzIwMjNcLzA3XC9NaW5pc3RyYW50aS1NYXJpYW5rYS5qcGciLCJzbGlkZXNob3ciOiJiMWExMzMwIn0%3D\">\n\t\t\t\t\t<div class=\"e-gallery-image elementor-gallery-item__image\" data-thumbnail=\"https:\/\/www.faraobyce.sk\/wp-content\/uploads\/2023\/07\/Ministranti-Marianka-1024x768.jpg\" data-width=\"1024\" data-height=\"768\" aria-label=\"\" role=\"img\" ><\/div>\n\t\t\t\t\t\t\t\t\t\t\t<div class=\"elementor-gallery-item__overlay\"><\/div>\n\t\t\t\t\t\t\t\t\t\t\t\t\t\t\t<div class=\"elementor-gallery-item__content\">\n\t\t\t\t\t\t\t\t\t\t\t\t\t\t<div class=\"elementor-gallery-item__title\">\n\t\t\t\t\t\t\t\t\t\t\t\t\t\t\t\t\t\tMinistranti Marianka\t\t\t\t\t\t\t\t<\/div>\n\t\t\t\t\t\t\t\t\t\t\t\t<\/div>\n\t\t\t\t\t\t\t\t\t<\/a>\n\t\t\t\t\t<\/div>\n\t\t\t\t\t<\/div>\n\t\t\t\t<\/div>\n\t\t\t\t\t<\/div>\n\t\t<\/div>\n\t\t\t\t\t<\/div>\n\t\t<\/section>\n\t\t\t\t<\/div>\n\t\t","protected":false},"excerpt":{"rendered":"<p>Foto 1 foto 2 Foto 3 Foto 4 Foto 6 Foto 7 Foto 8 Foto 9 Foto 10 Foto 11 Foto 12 Ministranti Marianka<\/p>\n","protected":false},"author":1,"featured_media":0,"parent":103,"menu_order":1,"comment_status":"closed","ping_status":"closed","template":"page-templates\/template-pagebuilder-full-width.php","meta":{"_eb_attr":"","_monsterinsights_skip_tracking":false,"_monsterinsights_sitenote_active":false,"_monsterinsights_sitenote_note":"","_monsterinsights_sitenote_category":0,"neve_meta_sidebar":"","neve_meta_container":"","neve_meta_enable_content_width":"","neve_meta_content_width":0,"neve_meta_title_alignment":"","neve_meta_author_avatar":"","neve_post_elements_order":"","neve_meta_disable_header":"","neve_meta_disable_footer":"","neve_meta_disable_title":"","footnotes":""},"class_list":["post-3766","page","type-page","status-publish","hentry"],"yoast_head":"<!-- This site is optimized with the Yoast SEO plugin v22.1 - https:\/\/yoast.com\/wordpress\/plugins\/seo\/ -->\n<title>Mini\u0161trantsk\u00e1 p\u00fa\u0165 do Marianky (19.6.2023) -<\/title>\n<meta name=\"robots\" content=\"index, follow, max-snippet:-1, max-image-preview:large, max-video-preview:-1\" \/>\n<link rel=\"canonical\" href=\"https:\/\/www.faraobyce.sk\/?page_id=3766\" \/>\n<meta property=\"og:locale\" content=\"sk_SK\" \/>\n<meta property=\"og:type\" content=\"article\" \/>\n<meta property=\"og:title\" content=\"Mini\u0161trantsk\u00e1 p\u00fa\u0165 do Marianky (19.6.2023) -\" \/>\n<meta property=\"og:description\" content=\"Foto 1 foto 2 Foto 3 Foto 4 Foto 6 Foto 7 Foto 8 Foto 9 Foto 10 Foto 11 Foto 12 Ministranti Marianka\" \/>\n<meta property=\"og:url\" content=\"https:\/\/www.faraobyce.sk\/?page_id=3766\" \/>\n<meta property=\"article:modified_time\" content=\"2023-07-23T08:22:17+00:00\" \/>\n<meta name=\"twitter:card\" content=\"summary_large_image\" \/>\n<script type=\"application\/ld+json\" class=\"yoast-schema-graph\">{\"@context\":\"https:\/\/schema.org\",\"@graph\":[{\"@type\":\"WebPage\",\"@id\":\"https:\/\/www.faraobyce.sk\/?page_id=3766\",\"url\":\"https:\/\/www.faraobyce.sk\/?page_id=3766\",\"name\":\"Mini\u0161trantsk\u00e1 p\u00fa\u0165 do Marianky (19.6.2023) -\",\"isPartOf\":{\"@id\":\"https:\/\/www.faraobyce.sk\/#website\"},\"datePublished\":\"2023-07-23T07:54:37+00:00\",\"dateModified\":\"2023-07-23T08:22:17+00:00\",\"breadcrumb\":{\"@id\":\"https:\/\/www.faraobyce.sk\/?page_id=3766#breadcrumb\"},\"inLanguage\":\"sk-SK\",\"potentialAction\":[{\"@type\":\"ReadAction\",\"target\":[\"https:\/\/www.faraobyce.sk\/?page_id=3766\"]}]},{\"@type\":\"BreadcrumbList\",\"@id\":\"https:\/\/www.faraobyce.sk\/?page_id=3766#breadcrumb\",\"itemListElement\":[{\"@type\":\"ListItem\",\"position\":1,\"name\":\"Home\",\"item\":\"https:\/\/www.faraobyce.sk\/\"},{\"@type\":\"ListItem\",\"position\":2,\"name\":\"\u017divot vo farnosti\",\"item\":\"https:\/\/www.faraobyce.sk\/?page_id=103\"},{\"@type\":\"ListItem\",\"position\":3,\"name\":\"Mini\u0161trantsk\u00e1 p\u00fa\u0165 do Marianky (19.6.2023)\"}]},{\"@type\":\"WebSite\",\"@id\":\"https:\/\/www.faraobyce.sk\/#website\",\"url\":\"https:\/\/www.faraobyce.sk\/\",\"name\":\"\",\"description\":\"\",\"potentialAction\":[{\"@type\":\"SearchAction\",\"target\":{\"@type\":\"EntryPoint\",\"urlTemplate\":\"https:\/\/www.faraobyce.sk\/?s={search_term_string}\"},\"query-input\":\"required name=search_term_string\"}],\"inLanguage\":\"sk-SK\"}]}<\/script>\n<!-- \/ Yoast SEO plugin. -->","yoast_head_json":{"title":"Mini\u0161trantsk\u00e1 p\u00fa\u0165 do Marianky (19.6.2023) -","robots":{"index":"index","follow":"follow","max-snippet":"max-snippet:-1","max-image-preview":"max-image-preview:large","max-video-preview":"max-video-preview:-1"},"canonical":"https:\/\/www.faraobyce.sk\/?page_id=3766","og_locale":"sk_SK","og_type":"article","og_title":"Mini\u0161trantsk\u00e1 p\u00fa\u0165 do Marianky (19.6.2023) -","og_description":"Foto 1 foto 2 Foto 3 Foto 4 Foto 6 Foto 7 Foto 8 Foto 9 Foto 10 Foto 11 Foto 12 Ministranti Marianka","og_url":"https:\/\/www.faraobyce.sk\/?page_id=3766","article_modified_time":"2023-07-23T08:22:17+00:00","twitter_card":"summary_large_image","schema":{"@context":"https:\/\/schema.org","@graph":[{"@type":"WebPage","@id":"https:\/\/www.faraobyce.sk\/?page_id=3766","url":"https:\/\/www.faraobyce.sk\/?page_id=3766","name":"Mini\u0161trantsk\u00e1 p\u00fa\u0165 do Marianky (19.6.2023) -","isPartOf":{"@id":"https:\/\/www.faraobyce.sk\/#website"},"datePublished":"2023-07-23T07:54:37+00:00","dateModified":"2023-07-23T08:22:17+00:00","breadcrumb":{"@id":"https:\/\/www.faraobyce.sk\/?page_id=3766#breadcrumb"},"inLanguage":"sk-SK","potentialAction":[{"@type":"ReadAction","target":["https:\/\/www.faraobyce.sk\/?page_id=3766"]}]},{"@type":"BreadcrumbList","@id":"https:\/\/www.faraobyce.sk\/?page_id=3766#breadcrumb","itemListElement":[{"@type":"ListItem","position":1,"name":"Home","item":"https:\/\/www.faraobyce.sk\/"},{"@type":"ListItem","position":2,"name":"\u017divot vo farnosti","item":"https:\/\/www.faraobyce.sk\/?page_id=103"},{"@type":"ListItem","position":3,"name":"Mini\u0161trantsk\u00e1 p\u00fa\u0165 do Marianky (19.6.2023)"}]},{"@type":"WebSite","@id":"https:\/\/www.faraobyce.sk\/#website","url":"https:\/\/www.faraobyce.sk\/","name":"","description":"","potentialAction":[{"@type":"SearchAction","target":{"@type":"EntryPoint","urlTemplate":"https:\/\/www.faraobyce.sk\/?s={search_term_string}"},"query-input":"required name=search_term_string"}],"inLanguage":"sk-SK"}]}},"_links":{"self":[{"href":"https:\/\/www.faraobyce.sk\/index.php?rest_route=\/wp\/v2\/pages\/3766","targetHints":{"allow":["GET"]}}],"collection":[{"href":"https:\/\/www.faraobyce.sk\/index.php?rest_route=\/wp\/v2\/pages"}],"about":[{"href":"https:\/\/www.faraobyce.sk\/index.php?rest_route=\/wp\/v2\/types\/page"}],"author":[{"embeddable":true,"href":"https:\/\/www.faraobyce.sk\/index.php?rest_route=\/wp\/v2\/users\/1"}],"replies":[{"embeddable":true,"href":"https:\/\/www.faraobyce.sk\/index.php?rest_route=%2Fwp%2Fv2%2Fcomments&post=3766"}],"version-history":[{"count":6,"href":"https:\/\/www.faraobyce.sk\/index.php?rest_route=\/wp\/v2\/pages\/3766\/revisions"}],"predecessor-version":[{"id":3798,"href":"https:\/\/www.faraobyce.sk\/index.php?rest_route=\/wp\/v2\/pages\/3766\/revisions\/3798"}],"up":[{"embeddable":true,"href":"https:\/\/www.faraobyce.sk\/index.php?rest_route=\/wp\/v2\/pages\/103"}],"wp:attachment":[{"href":"https:\/\/www.faraobyce.sk\/index.php?rest_route=%2Fwp%2Fv2%2Fmedia&parent=3766"}],"curies":[{"name":"wp","href":"https:\/\/api.w.org\/{rel}","templated":true}]}}