{"id":208,"date":"2021-10-16T19:59:00","date_gmt":"2021-10-16T17:59:00","guid":{"rendered":"https:\/\/www.faraobyce.sk\/?page_id=208"},"modified":"2021-10-22T08:26:44","modified_gmt":"2021-10-22T06:26:44","slug":"birmovka-3-10-2021","status":"publish","type":"page","link":"https:\/\/www.faraobyce.sk\/?page_id=208","title":{"rendered":"Birmovka 3.10.2021"},"content":{"rendered":"\n<p>Pr\u00ed\u010f k&nbsp;n\u00e1m, pr\u00ed\u010f k&nbsp;n\u00e1m Duchu Sv\u00e4t\u00fd,<\/p>\n\n\n\n<p>zaznel spev v&nbsp;Kostole Krista Kr\u00e1\u013ea v&nbsp;Obyciach 3. okt\u00f3bra 2021. Sedemdesiat birmovancov spolu s&nbsp;birmovn\u00fdmi rodi\u010dmi \u010dakali v&nbsp;nede\u013eu o&nbsp;10.30 hod. na pr\u00edchod otca biskupa, aby im udelil sviatos\u0165 birmovania. Otec biskup Mons. Peter Be\u0148o pr\u00edtomn\u00fdm pripomenul, \u017ee ich potrebuje nielen svet, ale aj Cirkev. To, \u010do sa udialo s&nbsp;apo\u0161tolmi vo ve\u010deradle pred dvetis\u00edc rokmi je presne to ist\u00e9, \u010do sa deje tu a&nbsp;teraz.&nbsp; Z&nbsp;ustr\u00e1chan\u00fdch apo\u0161tolov zamknut\u00fdch za dverami ve\u010deradla, ktor\u00fdm hrozila smr\u0165 za ohlasovanie Kristovho evanjelia, sa&nbsp;po pr\u00edchode Ducha Sv\u00e4t\u00e9ho stali neboj\u00e1cni ohlasovatelia, ktor\u00ed sa rozbehli \u0161\u00edri\u0165 t\u00fato ,,radostn\u00fa zves\u0165\u201c do cel\u00e9ho sveta.&nbsp; T\u00fdmito slovami povzbudil otec biskup pr\u00edtomn\u00fdch birmovancov.<\/p>\n\n\n\n<p>Posledn\u00e1 sviatos\u0165 birmovania bola v&nbsp;na\u0161om kostole pred 6 rokmi a&nbsp;to 4.10. 2015, kedy 28 birmovancom udelil sviatos\u0165 birmovania. Mons. Viliam Jud\u00e1k, nitriansky s\u00eddeln\u00fd biskup.<\/p>\n\n\n\n<figure class=\"wp-block-embed is-type-video is-provider-youtube wp-block-embed-youtube wp-embed-aspect-16-9 wp-has-aspect-ratio\"><div class=\"wp-block-embed__wrapper\">\n<div class=\"nv-iframe-embed\"><iframe title=\"3.10.2021 Birmovka Obyce\" width=\"1200\" height=\"675\" src=\"https:\/\/www.youtube.com\/embed\/m-NCVH_AMr8?feature=oembed\" frameborder=\"0\" allow=\"accelerometer; autoplay; clipboard-write; encrypted-media; gyroscope; picture-in-picture\" allowfullscreen><\/iframe><\/div>\n<\/div><\/figure>\n\n\n\n<figure class=\"wp-block-gallery columns-3 is-cropped wp-block-gallery-1 is-layout-flex wp-block-gallery-is-layout-flex\"><ul class=\"blocks-gallery-grid\"><li class=\"blocks-gallery-item\"><figure><img fetchpriority=\"high\" decoding=\"async\" width=\"1024\" height=\"684\" src=\"https:\/\/www.faraobyce.sk\/wp-content\/uploads\/2021\/10\/Birmovka_OBYCE-2-1024x684.jpg\" alt=\"\" data-id=\"228\" data-link=\"https:\/\/www.faraobyce.sk\/?attachment_id=228\" class=\"wp-image-228\" srcset=\"https:\/\/www.faraobyce.sk\/wp-content\/uploads\/2021\/10\/Birmovka_OBYCE-2-1024x684.jpg 1024w, https:\/\/www.faraobyce.sk\/wp-content\/uploads\/2021\/10\/Birmovka_OBYCE-2-300x200.jpg 300w, https:\/\/www.faraobyce.sk\/wp-content\/uploads\/2021\/10\/Birmovka_OBYCE-2-768x513.jpg 768w, https:\/\/www.faraobyce.sk\/wp-content\/uploads\/2021\/10\/Birmovka_OBYCE-2-1536x1026.jpg 1536w, https:\/\/www.faraobyce.sk\/wp-content\/uploads\/2021\/10\/Birmovka_OBYCE-2-2048x1367.jpg 2048w, https:\/\/www.faraobyce.sk\/wp-content\/uploads\/2021\/10\/Birmovka_OBYCE-2-930x620.jpg 930w\" sizes=\"(max-width: 1024px) 100vw, 1024px\" \/><\/figure><\/li><li class=\"blocks-gallery-item\"><figure><img decoding=\"async\" width=\"1024\" height=\"684\" src=\"https:\/\/www.faraobyce.sk\/wp-content\/uploads\/2021\/10\/Birmovka_OBYCE-1-2-1024x684.jpg\" alt=\"\" data-id=\"268\" data-link=\"https:\/\/www.faraobyce.sk\/?attachment_id=268\" class=\"wp-image-268\" srcset=\"https:\/\/www.faraobyce.sk\/wp-content\/uploads\/2021\/10\/Birmovka_OBYCE-1-2-1024x684.jpg 1024w, https:\/\/www.faraobyce.sk\/wp-content\/uploads\/2021\/10\/Birmovka_OBYCE-1-2-300x200.jpg 300w, https:\/\/www.faraobyce.sk\/wp-content\/uploads\/2021\/10\/Birmovka_OBYCE-1-2-768x513.jpg 768w, https:\/\/www.faraobyce.sk\/wp-content\/uploads\/2021\/10\/Birmovka_OBYCE-1-2-1536x1026.jpg 1536w, https:\/\/www.faraobyce.sk\/wp-content\/uploads\/2021\/10\/Birmovka_OBYCE-1-2-2048x1367.jpg 2048w, https:\/\/www.faraobyce.sk\/wp-content\/uploads\/2021\/10\/Birmovka_OBYCE-1-2-930x620.jpg 930w\" sizes=\"(max-width: 1024px) 100vw, 1024px\" \/><\/figure><\/li><li class=\"blocks-gallery-item\"><figure><img decoding=\"async\" width=\"1024\" height=\"684\" src=\"https:\/\/www.faraobyce.sk\/wp-content\/uploads\/2021\/10\/Birmovka_OBYCE-1-1-1024x684.jpg\" alt=\"\" data-id=\"227\" data-link=\"https:\/\/www.faraobyce.sk\/?attachment_id=227\" class=\"wp-image-227\" srcset=\"https:\/\/www.faraobyce.sk\/wp-content\/uploads\/2021\/10\/Birmovka_OBYCE-1-1-1024x684.jpg 1024w, https:\/\/www.faraobyce.sk\/wp-content\/uploads\/2021\/10\/Birmovka_OBYCE-1-1-300x200.jpg 300w, https:\/\/www.faraobyce.sk\/wp-content\/uploads\/2021\/10\/Birmovka_OBYCE-1-1-768x513.jpg 768w, https:\/\/www.faraobyce.sk\/wp-content\/uploads\/2021\/10\/Birmovka_OBYCE-1-1-1536x1026.jpg 1536w, https:\/\/www.faraobyce.sk\/wp-content\/uploads\/2021\/10\/Birmovka_OBYCE-1-1-2048x1367.jpg 2048w, https:\/\/www.faraobyce.sk\/wp-content\/uploads\/2021\/10\/Birmovka_OBYCE-1-1-930x620.jpg 930w\" sizes=\"(max-width: 1024px) 100vw, 1024px\" \/><\/figure><\/li><li class=\"blocks-gallery-item\"><figure><img loading=\"lazy\" decoding=\"async\" width=\"1024\" height=\"684\" src=\"https:\/\/www.faraobyce.sk\/wp-content\/uploads\/2021\/10\/Birmovka_OBYCE-2-1-1024x684.jpg\" alt=\"\" data-id=\"269\" data-link=\"https:\/\/www.faraobyce.sk\/?attachment_id=269\" class=\"wp-image-269\" srcset=\"https:\/\/www.faraobyce.sk\/wp-content\/uploads\/2021\/10\/Birmovka_OBYCE-2-1-1024x684.jpg 1024w, https:\/\/www.faraobyce.sk\/wp-content\/uploads\/2021\/10\/Birmovka_OBYCE-2-1-300x200.jpg 300w, https:\/\/www.faraobyce.sk\/wp-content\/uploads\/2021\/10\/Birmovka_OBYCE-2-1-768x513.jpg 768w, https:\/\/www.faraobyce.sk\/wp-content\/uploads\/2021\/10\/Birmovka_OBYCE-2-1-1536x1026.jpg 1536w, https:\/\/www.faraobyce.sk\/wp-content\/uploads\/2021\/10\/Birmovka_OBYCE-2-1-2048x1367.jpg 2048w, https:\/\/www.faraobyce.sk\/wp-content\/uploads\/2021\/10\/Birmovka_OBYCE-2-1-930x620.jpg 930w\" sizes=\"(max-width: 1024px) 100vw, 1024px\" \/><\/figure><\/li><li class=\"blocks-gallery-item\"><figure><img loading=\"lazy\" decoding=\"async\" width=\"1024\" height=\"684\" src=\"https:\/\/www.faraobyce.sk\/wp-content\/uploads\/2021\/10\/Birmovka_OBYCE-4-1-1024x684.jpg\" alt=\"\" data-id=\"246\" data-link=\"https:\/\/www.faraobyce.sk\/?attachment_id=246\" class=\"wp-image-246\" srcset=\"https:\/\/www.faraobyce.sk\/wp-content\/uploads\/2021\/10\/Birmovka_OBYCE-4-1-1024x684.jpg 1024w, https:\/\/www.faraobyce.sk\/wp-content\/uploads\/2021\/10\/Birmovka_OBYCE-4-1-300x200.jpg 300w, https:\/\/www.faraobyce.sk\/wp-content\/uploads\/2021\/10\/Birmovka_OBYCE-4-1-768x513.jpg 768w, https:\/\/www.faraobyce.sk\/wp-content\/uploads\/2021\/10\/Birmovka_OBYCE-4-1-1536x1026.jpg 1536w, https:\/\/www.faraobyce.sk\/wp-content\/uploads\/2021\/10\/Birmovka_OBYCE-4-1-2048x1367.jpg 2048w, https:\/\/www.faraobyce.sk\/wp-content\/uploads\/2021\/10\/Birmovka_OBYCE-4-1-930x620.jpg 930w\" sizes=\"(max-width: 1024px) 100vw, 1024px\" \/><\/figure><\/li><li class=\"blocks-gallery-item\"><figure><img loading=\"lazy\" decoding=\"async\" width=\"1024\" height=\"684\" src=\"https:\/\/www.faraobyce.sk\/wp-content\/uploads\/2021\/10\/Birmovka_OBYCE-3-1-1024x684.jpg\" alt=\"\" data-id=\"270\" data-link=\"https:\/\/www.faraobyce.sk\/?attachment_id=270\" class=\"wp-image-270\" srcset=\"https:\/\/www.faraobyce.sk\/wp-content\/uploads\/2021\/10\/Birmovka_OBYCE-3-1-1024x684.jpg 1024w, https:\/\/www.faraobyce.sk\/wp-content\/uploads\/2021\/10\/Birmovka_OBYCE-3-1-300x200.jpg 300w, https:\/\/www.faraobyce.sk\/wp-content\/uploads\/2021\/10\/Birmovka_OBYCE-3-1-768x513.jpg 768w, https:\/\/www.faraobyce.sk\/wp-content\/uploads\/2021\/10\/Birmovka_OBYCE-3-1-1536x1026.jpg 1536w, https:\/\/www.faraobyce.sk\/wp-content\/uploads\/2021\/10\/Birmovka_OBYCE-3-1-2048x1367.jpg 2048w, https:\/\/www.faraobyce.sk\/wp-content\/uploads\/2021\/10\/Birmovka_OBYCE-3-1-930x620.jpg 930w\" sizes=\"(max-width: 1024px) 100vw, 1024px\" \/><\/figure><\/li><li class=\"blocks-gallery-item\"><figure><img loading=\"lazy\" decoding=\"async\" width=\"1024\" height=\"684\" src=\"https:\/\/www.faraobyce.sk\/wp-content\/uploads\/2021\/10\/Birmovka_OBYCE-106-1024x684.jpg\" alt=\"\" data-id=\"292\" data-full-url=\"https:\/\/www.faraobyce.sk\/wp-content\/uploads\/2021\/10\/Birmovka_OBYCE-106-scaled.jpg\" data-link=\"https:\/\/www.faraobyce.sk\/?attachment_id=292\" class=\"wp-image-292\" srcset=\"https:\/\/www.faraobyce.sk\/wp-content\/uploads\/2021\/10\/Birmovka_OBYCE-106-1024x684.jpg 1024w, https:\/\/www.faraobyce.sk\/wp-content\/uploads\/2021\/10\/Birmovka_OBYCE-106-300x200.jpg 300w, https:\/\/www.faraobyce.sk\/wp-content\/uploads\/2021\/10\/Birmovka_OBYCE-106-768x513.jpg 768w, https:\/\/www.faraobyce.sk\/wp-content\/uploads\/2021\/10\/Birmovka_OBYCE-106-1536x1026.jpg 1536w, https:\/\/www.faraobyce.sk\/wp-content\/uploads\/2021\/10\/Birmovka_OBYCE-106-2048x1367.jpg 2048w, https:\/\/www.faraobyce.sk\/wp-content\/uploads\/2021\/10\/Birmovka_OBYCE-106-930x620.jpg 930w\" sizes=\"(max-width: 1024px) 100vw, 1024px\" \/><\/figure><\/li><li class=\"blocks-gallery-item\"><figure><img loading=\"lazy\" decoding=\"async\" width=\"1024\" height=\"684\" src=\"https:\/\/www.faraobyce.sk\/wp-content\/uploads\/2021\/10\/Birmovka_OBYCE-5-1024x684.jpg\" alt=\"\" data-id=\"286\" data-link=\"https:\/\/www.faraobyce.sk\/?attachment_id=286\" class=\"wp-image-286\" srcset=\"https:\/\/www.faraobyce.sk\/wp-content\/uploads\/2021\/10\/Birmovka_OBYCE-5-1024x684.jpg 1024w, https:\/\/www.faraobyce.sk\/wp-content\/uploads\/2021\/10\/Birmovka_OBYCE-5-300x200.jpg 300w, https:\/\/www.faraobyce.sk\/wp-content\/uploads\/2021\/10\/Birmovka_OBYCE-5-768x513.jpg 768w, https:\/\/www.faraobyce.sk\/wp-content\/uploads\/2021\/10\/Birmovka_OBYCE-5-1536x1026.jpg 1536w, https:\/\/www.faraobyce.sk\/wp-content\/uploads\/2021\/10\/Birmovka_OBYCE-5-2048x1367.jpg 2048w, https:\/\/www.faraobyce.sk\/wp-content\/uploads\/2021\/10\/Birmovka_OBYCE-5-930x620.jpg 930w\" sizes=\"(max-width: 1024px) 100vw, 1024px\" \/><\/figure><\/li><li class=\"blocks-gallery-item\"><figure><img loading=\"lazy\" decoding=\"async\" width=\"1024\" height=\"684\" src=\"https:\/\/www.faraobyce.sk\/wp-content\/uploads\/2021\/10\/Birmovka_OBYCE-6-1024x684.jpg\" alt=\"\" data-id=\"287\" data-link=\"https:\/\/www.faraobyce.sk\/?attachment_id=287\" class=\"wp-image-287\" srcset=\"https:\/\/www.faraobyce.sk\/wp-content\/uploads\/2021\/10\/Birmovka_OBYCE-6-1024x684.jpg 1024w, https:\/\/www.faraobyce.sk\/wp-content\/uploads\/2021\/10\/Birmovka_OBYCE-6-300x200.jpg 300w, https:\/\/www.faraobyce.sk\/wp-content\/uploads\/2021\/10\/Birmovka_OBYCE-6-768x513.jpg 768w, https:\/\/www.faraobyce.sk\/wp-content\/uploads\/2021\/10\/Birmovka_OBYCE-6-1536x1026.jpg 1536w, https:\/\/www.faraobyce.sk\/wp-content\/uploads\/2021\/10\/Birmovka_OBYCE-6-2048x1367.jpg 2048w, https:\/\/www.faraobyce.sk\/wp-content\/uploads\/2021\/10\/Birmovka_OBYCE-6-930x620.jpg 930w\" sizes=\"(max-width: 1024px) 100vw, 1024px\" \/><\/figure><\/li><li class=\"blocks-gallery-item\"><figure><img loading=\"lazy\" decoding=\"async\" width=\"1024\" height=\"684\" src=\"https:\/\/www.faraobyce.sk\/wp-content\/uploads\/2021\/10\/Birmovka_OBYCE-8-1-1024x684.jpg\" alt=\"\" data-id=\"275\" data-link=\"https:\/\/www.faraobyce.sk\/?attachment_id=275\" class=\"wp-image-275\" srcset=\"https:\/\/www.faraobyce.sk\/wp-content\/uploads\/2021\/10\/Birmovka_OBYCE-8-1-1024x684.jpg 1024w, https:\/\/www.faraobyce.sk\/wp-content\/uploads\/2021\/10\/Birmovka_OBYCE-8-1-300x200.jpg 300w, https:\/\/www.faraobyce.sk\/wp-content\/uploads\/2021\/10\/Birmovka_OBYCE-8-1-768x513.jpg 768w, https:\/\/www.faraobyce.sk\/wp-content\/uploads\/2021\/10\/Birmovka_OBYCE-8-1-1536x1026.jpg 1536w, https:\/\/www.faraobyce.sk\/wp-content\/uploads\/2021\/10\/Birmovka_OBYCE-8-1-2048x1367.jpg 2048w, https:\/\/www.faraobyce.sk\/wp-content\/uploads\/2021\/10\/Birmovka_OBYCE-8-1-930x620.jpg 930w\" sizes=\"(max-width: 1024px) 100vw, 1024px\" \/><\/figure><\/li><li class=\"blocks-gallery-item\"><figure><img loading=\"lazy\" decoding=\"async\" width=\"1024\" height=\"684\" src=\"https:\/\/www.faraobyce.sk\/wp-content\/uploads\/2021\/10\/Birmovka_OBYCE-11-1024x684.jpg\" alt=\"\" data-id=\"253\" data-link=\"https:\/\/www.faraobyce.sk\/?attachment_id=253\" class=\"wp-image-253\" srcset=\"https:\/\/www.faraobyce.sk\/wp-content\/uploads\/2021\/10\/Birmovka_OBYCE-11-1024x684.jpg 1024w, https:\/\/www.faraobyce.sk\/wp-content\/uploads\/2021\/10\/Birmovka_OBYCE-11-300x200.jpg 300w, https:\/\/www.faraobyce.sk\/wp-content\/uploads\/2021\/10\/Birmovka_OBYCE-11-768x513.jpg 768w, https:\/\/www.faraobyce.sk\/wp-content\/uploads\/2021\/10\/Birmovka_OBYCE-11-1536x1026.jpg 1536w, https:\/\/www.faraobyce.sk\/wp-content\/uploads\/2021\/10\/Birmovka_OBYCE-11-2048x1367.jpg 2048w, https:\/\/www.faraobyce.sk\/wp-content\/uploads\/2021\/10\/Birmovka_OBYCE-11-930x620.jpg 930w\" sizes=\"(max-width: 1024px) 100vw, 1024px\" \/><\/figure><\/li><li class=\"blocks-gallery-item\"><figure><img loading=\"lazy\" decoding=\"async\" width=\"1024\" height=\"684\" src=\"https:\/\/www.faraobyce.sk\/wp-content\/uploads\/2021\/10\/Birmovka_OBYCE-10-1024x684.jpg\" alt=\"\" data-id=\"252\" data-link=\"https:\/\/www.faraobyce.sk\/?attachment_id=252\" class=\"wp-image-252\" srcset=\"https:\/\/www.faraobyce.sk\/wp-content\/uploads\/2021\/10\/Birmovka_OBYCE-10-1024x684.jpg 1024w, https:\/\/www.faraobyce.sk\/wp-content\/uploads\/2021\/10\/Birmovka_OBYCE-10-300x200.jpg 300w, https:\/\/www.faraobyce.sk\/wp-content\/uploads\/2021\/10\/Birmovka_OBYCE-10-768x513.jpg 768w, https:\/\/www.faraobyce.sk\/wp-content\/uploads\/2021\/10\/Birmovka_OBYCE-10-1536x1026.jpg 1536w, https:\/\/www.faraobyce.sk\/wp-content\/uploads\/2021\/10\/Birmovka_OBYCE-10-2048x1367.jpg 2048w, https:\/\/www.faraobyce.sk\/wp-content\/uploads\/2021\/10\/Birmovka_OBYCE-10-930x620.jpg 930w\" sizes=\"(max-width: 1024px) 100vw, 1024px\" \/><\/figure><\/li><li class=\"blocks-gallery-item\"><figure><img loading=\"lazy\" decoding=\"async\" width=\"1024\" height=\"684\" src=\"https:\/\/www.faraobyce.sk\/wp-content\/uploads\/2021\/10\/Birmovka_OBYCE-9-1024x684.jpg\" alt=\"\" data-id=\"251\" data-link=\"https:\/\/www.faraobyce.sk\/?attachment_id=251\" class=\"wp-image-251\" srcset=\"https:\/\/www.faraobyce.sk\/wp-content\/uploads\/2021\/10\/Birmovka_OBYCE-9-1024x684.jpg 1024w, https:\/\/www.faraobyce.sk\/wp-content\/uploads\/2021\/10\/Birmovka_OBYCE-9-300x200.jpg 300w, https:\/\/www.faraobyce.sk\/wp-content\/uploads\/2021\/10\/Birmovka_OBYCE-9-768x513.jpg 768w, https:\/\/www.faraobyce.sk\/wp-content\/uploads\/2021\/10\/Birmovka_OBYCE-9-1536x1026.jpg 1536w, https:\/\/www.faraobyce.sk\/wp-content\/uploads\/2021\/10\/Birmovka_OBYCE-9-2048x1367.jpg 2048w, https:\/\/www.faraobyce.sk\/wp-content\/uploads\/2021\/10\/Birmovka_OBYCE-9-930x620.jpg 930w\" sizes=\"(max-width: 1024px) 100vw, 1024px\" \/><\/figure><\/li><li class=\"blocks-gallery-item\"><figure><img loading=\"lazy\" decoding=\"async\" width=\"1024\" height=\"684\" src=\"https:\/\/www.faraobyce.sk\/wp-content\/uploads\/2021\/10\/Birmovka_OBYCE-12-1-1024x684.jpg\" alt=\"\" data-id=\"279\" data-link=\"https:\/\/www.faraobyce.sk\/?attachment_id=279\" class=\"wp-image-279\" srcset=\"https:\/\/www.faraobyce.sk\/wp-content\/uploads\/2021\/10\/Birmovka_OBYCE-12-1-1024x684.jpg 1024w, https:\/\/www.faraobyce.sk\/wp-content\/uploads\/2021\/10\/Birmovka_OBYCE-12-1-300x200.jpg 300w, https:\/\/www.faraobyce.sk\/wp-content\/uploads\/2021\/10\/Birmovka_OBYCE-12-1-768x513.jpg 768w, https:\/\/www.faraobyce.sk\/wp-content\/uploads\/2021\/10\/Birmovka_OBYCE-12-1-1536x1026.jpg 1536w, https:\/\/www.faraobyce.sk\/wp-content\/uploads\/2021\/10\/Birmovka_OBYCE-12-1-2048x1367.jpg 2048w, https:\/\/www.faraobyce.sk\/wp-content\/uploads\/2021\/10\/Birmovka_OBYCE-12-1-930x620.jpg 930w\" sizes=\"(max-width: 1024px) 100vw, 1024px\" \/><\/figure><\/li><li class=\"blocks-gallery-item\"><figure><img loading=\"lazy\" decoding=\"async\" width=\"1024\" height=\"684\" src=\"https:\/\/www.faraobyce.sk\/wp-content\/uploads\/2021\/10\/Birmovka_OBYCE-503-1024x684.jpg\" alt=\"\" data-id=\"283\" data-link=\"https:\/\/www.faraobyce.sk\/?attachment_id=283\" class=\"wp-image-283\" srcset=\"https:\/\/www.faraobyce.sk\/wp-content\/uploads\/2021\/10\/Birmovka_OBYCE-503-1024x684.jpg 1024w, https:\/\/www.faraobyce.sk\/wp-content\/uploads\/2021\/10\/Birmovka_OBYCE-503-300x200.jpg 300w, https:\/\/www.faraobyce.sk\/wp-content\/uploads\/2021\/10\/Birmovka_OBYCE-503-768x513.jpg 768w, https:\/\/www.faraobyce.sk\/wp-content\/uploads\/2021\/10\/Birmovka_OBYCE-503-1536x1026.jpg 1536w, https:\/\/www.faraobyce.sk\/wp-content\/uploads\/2021\/10\/Birmovka_OBYCE-503-2048x1367.jpg 2048w, https:\/\/www.faraobyce.sk\/wp-content\/uploads\/2021\/10\/Birmovka_OBYCE-503-930x620.jpg 930w\" sizes=\"(max-width: 1024px) 100vw, 1024px\" \/><\/figure><\/li><li class=\"blocks-gallery-item\"><figure><img loading=\"lazy\" decoding=\"async\" width=\"1024\" height=\"684\" src=\"https:\/\/www.faraobyce.sk\/wp-content\/uploads\/2021\/10\/Birmovka_OBYCE-714-1024x684.jpg\" alt=\"\" data-id=\"284\" data-link=\"https:\/\/www.faraobyce.sk\/?attachment_id=284\" class=\"wp-image-284\" srcset=\"https:\/\/www.faraobyce.sk\/wp-content\/uploads\/2021\/10\/Birmovka_OBYCE-714-1024x684.jpg 1024w, https:\/\/www.faraobyce.sk\/wp-content\/uploads\/2021\/10\/Birmovka_OBYCE-714-300x200.jpg 300w, https:\/\/www.faraobyce.sk\/wp-content\/uploads\/2021\/10\/Birmovka_OBYCE-714-768x513.jpg 768w, https:\/\/www.faraobyce.sk\/wp-content\/uploads\/2021\/10\/Birmovka_OBYCE-714-1536x1026.jpg 1536w, https:\/\/www.faraobyce.sk\/wp-content\/uploads\/2021\/10\/Birmovka_OBYCE-714-2048x1367.jpg 2048w, https:\/\/www.faraobyce.sk\/wp-content\/uploads\/2021\/10\/Birmovka_OBYCE-714-930x620.jpg 930w\" sizes=\"(max-width: 1024px) 100vw, 1024px\" \/><\/figure><\/li><\/ul><\/figure>\n","protected":false},"excerpt":{"rendered":"<p>Pr\u00ed\u010f k&nbsp;n\u00e1m, pr\u00ed\u010f k&nbsp;n\u00e1m Duchu Sv\u00e4t\u00fd, zaznel spev v&nbsp;Kostole Krista Kr\u00e1\u013ea v&nbsp;Obyciach 3. okt\u00f3bra 2021. Sedemdesiat birmovancov spolu s&nbsp;birmovn\u00fdmi rodi\u010dmi \u010dakali v&nbsp;nede\u013eu o&nbsp;10.30 hod. na pr\u00edchod otca biskupa, aby im udelil sviatos\u0165 birmovania. Otec biskup Mons. Peter Be\u0148o pr\u00edtomn\u00fdm pripomenul, \u017ee ich potrebuje nielen svet, ale aj Cirkev. To, \u010do sa udialo s&nbsp;apo\u0161tolmi vo ve\u010deradle&hellip;&nbsp;<a href=\"https:\/\/www.faraobyce.sk\/?page_id=208\" class=\"\" rel=\"bookmark\">\u010c\u00edta\u0165 viac &raquo;<span class=\"screen-reader-text\">Birmovka 3.10.2021<\/span><\/a><\/p>\n","protected":false},"author":1,"featured_media":0,"parent":103,"menu_order":410,"comment_status":"closed","ping_status":"closed","template":"","meta":{"_eb_attr":"","_monsterinsights_skip_tracking":false,"_monsterinsights_sitenote_active":false,"_monsterinsights_sitenote_note":"","_monsterinsights_sitenote_category":0,"neve_meta_sidebar":"","neve_meta_container":"","neve_meta_enable_content_width":"","neve_meta_content_width":0,"neve_meta_title_alignment":"","neve_meta_author_avatar":"","neve_post_elements_order":"","neve_meta_disable_header":"","neve_meta_disable_footer":"","neve_meta_disable_title":"","footnotes":""},"class_list":["post-208","page","type-page","status-publish","hentry"],"yoast_head":"<!-- This site is optimized with the Yoast SEO plugin v22.1 - https:\/\/yoast.com\/wordpress\/plugins\/seo\/ -->\n<title>Birmovka 3.10.2021 -<\/title>\n<meta name=\"robots\" content=\"index, follow, max-snippet:-1, max-image-preview:large, max-video-preview:-1\" \/>\n<link rel=\"canonical\" href=\"https:\/\/www.faraobyce.sk\/?page_id=208\" \/>\n<meta property=\"og:locale\" content=\"sk_SK\" \/>\n<meta property=\"og:type\" content=\"article\" \/>\n<meta property=\"og:title\" content=\"Birmovka 3.10.2021 -\" \/>\n<meta property=\"og:description\" content=\"Pr\u00ed\u010f k&nbsp;n\u00e1m, pr\u00ed\u010f k&nbsp;n\u00e1m Duchu Sv\u00e4t\u00fd, zaznel spev v&nbsp;Kostole Krista Kr\u00e1\u013ea v&nbsp;Obyciach 3. okt\u00f3bra 2021. Sedemdesiat birmovancov spolu s&nbsp;birmovn\u00fdmi rodi\u010dmi \u010dakali v&nbsp;nede\u013eu o&nbsp;10.30 hod. na pr\u00edchod otca biskupa, aby im udelil sviatos\u0165 birmovania. Otec biskup Mons. Peter Be\u0148o pr\u00edtomn\u00fdm pripomenul, \u017ee ich potrebuje nielen svet, ale aj Cirkev. To, \u010do sa udialo s&nbsp;apo\u0161tolmi vo ve\u010deradle&hellip;&nbsp;\u010c\u00edta\u0165 viac &raquo;Birmovka 3.10.2021\" \/>\n<meta property=\"og:url\" content=\"https:\/\/www.faraobyce.sk\/?page_id=208\" \/>\n<meta property=\"article:modified_time\" content=\"2021-10-22T06:26:44+00:00\" \/>\n<meta property=\"og:image\" content=\"https:\/\/www.faraobyce.sk\/wp-content\/uploads\/2021\/10\/Birmovka_OBYCE-2-1024x684.jpg\" \/>\n<meta name=\"twitter:card\" content=\"summary_large_image\" \/>\n<meta name=\"twitter:label1\" content=\"Predpokladan\u00fd \u010das \u010d\u00edtania\" \/>\n\t<meta name=\"twitter:data1\" content=\"4 min\u00faty\" \/>\n<script type=\"application\/ld+json\" class=\"yoast-schema-graph\">{\"@context\":\"https:\/\/schema.org\",\"@graph\":[{\"@type\":\"WebPage\",\"@id\":\"https:\/\/www.faraobyce.sk\/?page_id=208\",\"url\":\"https:\/\/www.faraobyce.sk\/?page_id=208\",\"name\":\"Birmovka 3.10.2021 -\",\"isPartOf\":{\"@id\":\"https:\/\/www.faraobyce.sk\/#website\"},\"datePublished\":\"2021-10-16T17:59:00+00:00\",\"dateModified\":\"2021-10-22T06:26:44+00:00\",\"breadcrumb\":{\"@id\":\"https:\/\/www.faraobyce.sk\/?page_id=208#breadcrumb\"},\"inLanguage\":\"sk-SK\",\"potentialAction\":[{\"@type\":\"ReadAction\",\"target\":[\"https:\/\/www.faraobyce.sk\/?page_id=208\"]}]},{\"@type\":\"BreadcrumbList\",\"@id\":\"https:\/\/www.faraobyce.sk\/?page_id=208#breadcrumb\",\"itemListElement\":[{\"@type\":\"ListItem\",\"position\":1,\"name\":\"Home\",\"item\":\"https:\/\/www.faraobyce.sk\/\"},{\"@type\":\"ListItem\",\"position\":2,\"name\":\"\u017divot vo farnosti\",\"item\":\"https:\/\/www.faraobyce.sk\/?page_id=103\"},{\"@type\":\"ListItem\",\"position\":3,\"name\":\"Birmovka 3.10.2021\"}]},{\"@type\":\"WebSite\",\"@id\":\"https:\/\/www.faraobyce.sk\/#website\",\"url\":\"https:\/\/www.faraobyce.sk\/\",\"name\":\"\",\"description\":\"\",\"potentialAction\":[{\"@type\":\"SearchAction\",\"target\":{\"@type\":\"EntryPoint\",\"urlTemplate\":\"https:\/\/www.faraobyce.sk\/?s={search_term_string}\"},\"query-input\":\"required name=search_term_string\"}],\"inLanguage\":\"sk-SK\"}]}<\/script>\n<!-- \/ Yoast SEO plugin. -->","yoast_head_json":{"title":"Birmovka 3.10.2021 -","robots":{"index":"index","follow":"follow","max-snippet":"max-snippet:-1","max-image-preview":"max-image-preview:large","max-video-preview":"max-video-preview:-1"},"canonical":"https:\/\/www.faraobyce.sk\/?page_id=208","og_locale":"sk_SK","og_type":"article","og_title":"Birmovka 3.10.2021 -","og_description":"Pr\u00ed\u010f k&nbsp;n\u00e1m, pr\u00ed\u010f k&nbsp;n\u00e1m Duchu Sv\u00e4t\u00fd, zaznel spev v&nbsp;Kostole Krista Kr\u00e1\u013ea v&nbsp;Obyciach 3. okt\u00f3bra 2021. Sedemdesiat birmovancov spolu s&nbsp;birmovn\u00fdmi rodi\u010dmi \u010dakali v&nbsp;nede\u013eu o&nbsp;10.30 hod. na pr\u00edchod otca biskupa, aby im udelil sviatos\u0165 birmovania. Otec biskup Mons. Peter Be\u0148o pr\u00edtomn\u00fdm pripomenul, \u017ee ich potrebuje nielen svet, ale aj Cirkev. To, \u010do sa udialo s&nbsp;apo\u0161tolmi vo ve\u010deradle&hellip;&nbsp;\u010c\u00edta\u0165 viac &raquo;Birmovka 3.10.2021","og_url":"https:\/\/www.faraobyce.sk\/?page_id=208","article_modified_time":"2021-10-22T06:26:44+00:00","og_image":[{"url":"https:\/\/www.faraobyce.sk\/wp-content\/uploads\/2021\/10\/Birmovka_OBYCE-2-1024x684.jpg"}],"twitter_card":"summary_large_image","twitter_misc":{"Predpokladan\u00fd \u010das \u010d\u00edtania":"4 min\u00faty"},"schema":{"@context":"https:\/\/schema.org","@graph":[{"@type":"WebPage","@id":"https:\/\/www.faraobyce.sk\/?page_id=208","url":"https:\/\/www.faraobyce.sk\/?page_id=208","name":"Birmovka 3.10.2021 -","isPartOf":{"@id":"https:\/\/www.faraobyce.sk\/#website"},"datePublished":"2021-10-16T17:59:00+00:00","dateModified":"2021-10-22T06:26:44+00:00","breadcrumb":{"@id":"https:\/\/www.faraobyce.sk\/?page_id=208#breadcrumb"},"inLanguage":"sk-SK","potentialAction":[{"@type":"ReadAction","target":["https:\/\/www.faraobyce.sk\/?page_id=208"]}]},{"@type":"BreadcrumbList","@id":"https:\/\/www.faraobyce.sk\/?page_id=208#breadcrumb","itemListElement":[{"@type":"ListItem","position":1,"name":"Home","item":"https:\/\/www.faraobyce.sk\/"},{"@type":"ListItem","position":2,"name":"\u017divot vo farnosti","item":"https:\/\/www.faraobyce.sk\/?page_id=103"},{"@type":"ListItem","position":3,"name":"Birmovka 3.10.2021"}]},{"@type":"WebSite","@id":"https:\/\/www.faraobyce.sk\/#website","url":"https:\/\/www.faraobyce.sk\/","name":"","description":"","potentialAction":[{"@type":"SearchAction","target":{"@type":"EntryPoint","urlTemplate":"https:\/\/www.faraobyce.sk\/?s={search_term_string}"},"query-input":"required name=search_term_string"}],"inLanguage":"sk-SK"}]}},"_links":{"self":[{"href":"https:\/\/www.faraobyce.sk\/index.php?rest_route=\/wp\/v2\/pages\/208","targetHints":{"allow":["GET"]}}],"collection":[{"href":"https:\/\/www.faraobyce.sk\/index.php?rest_route=\/wp\/v2\/pages"}],"about":[{"href":"https:\/\/www.faraobyce.sk\/index.php?rest_route=\/wp\/v2\/types\/page"}],"author":[{"embeddable":true,"href":"https:\/\/www.faraobyce.sk\/index.php?rest_route=\/wp\/v2\/users\/1"}],"replies":[{"embeddable":true,"href":"https:\/\/www.faraobyce.sk\/index.php?rest_route=%2Fwp%2Fv2%2Fcomments&post=208"}],"version-history":[{"count":6,"href":"https:\/\/www.faraobyce.sk\/index.php?rest_route=\/wp\/v2\/pages\/208\/revisions"}],"predecessor-version":[{"id":335,"href":"https:\/\/www.faraobyce.sk\/index.php?rest_route=\/wp\/v2\/pages\/208\/revisions\/335"}],"up":[{"embeddable":true,"href":"https:\/\/www.faraobyce.sk\/index.php?rest_route=\/wp\/v2\/pages\/103"}],"wp:attachment":[{"href":"https:\/\/www.faraobyce.sk\/index.php?rest_route=%2Fwp%2Fv2%2Fmedia&parent=208"}],"curies":[{"name":"wp","href":"https:\/\/api.w.org\/{rel}","templated":true}]}}