{"id":191,"date":"2021-10-16T20:07:00","date_gmt":"2021-10-16T18:07:00","guid":{"rendered":"https:\/\/www.faraobyce.sk\/?page_id=191"},"modified":"2021-10-16T21:51:02","modified_gmt":"2021-10-16T19:51:02","slug":"knazi-rodaci","status":"publish","type":"page","link":"https:\/\/www.faraobyce.sk\/?page_id=191","title":{"rendered":"K\u0148azi p\u00f4sobiaci vo farnosti"},"content":{"rendered":"\n<p>V roku 1969 sa Obyce stali farnos\u0165ou. Odvtedy u n\u00e1s p\u00f4sobili:<\/p>\n\n\n\n<ol class=\"wp-block-list\"><li><strong>Benedikt Mrav\u00edk<\/strong><br>Od: 3. august 1969  <br>Do: 15. okt\u00f3ber 1978<\/li><li><strong>J\u00e1n \u0160imonovi\u010d<\/strong><br>Od: 15. okt\u00f3ber 1978<br>Do: 25. m\u00e1j 1983 <\/li><li><strong>Pavol Sol\u010d\u00e1ny<\/strong><br>Od: 25. m\u00e1j 1983<br>Do: 8. december 1997<\/li><li><strong>J\u00e1n Hrablay<\/strong><br>Od: 14. december 1997<br>Do: 30. j\u00fan 2004<\/li><li><strong>\u0160tefan Novansk\u00fd<\/strong><br>Od: 1. j\u00fal 2004<br>Do: 30. j\u00fan 2007<\/li><li><strong>Marek Bo\u017eik<\/strong><br>Od: 1. j\u00fal 2007<br>Do: 30. j\u00fan 2021<\/li><li><strong>Jozef Vlas\u00e1k<\/strong><br>Od: 1. j\u00fal 2021<\/li><\/ol>\n\n\n\n<p><\/p>\n","protected":false},"excerpt":{"rendered":"<p>V roku 1969 sa Obyce stali farnos\u0165ou. Odvtedy u n\u00e1s p\u00f4sobili: Benedikt Mrav\u00edkOd: 3. august 1969 Do: 15. okt\u00f3ber 1978 J\u00e1n \u0160imonovi\u010dOd: 15. okt\u00f3ber 1978Do: 25. m\u00e1j 1983 Pavol Sol\u010d\u00e1nyOd: 25. m\u00e1j 1983Do: 8. december 1997 J\u00e1n HrablayOd: 14. december 1997Do: 30. j\u00fan 2004 \u0160tefan Novansk\u00fdOd: 1. j\u00fal 2004Do: 30. j\u00fan 2007 Marek Bo\u017eikOd: 1.&hellip;&nbsp;<a href=\"https:\/\/www.faraobyce.sk\/?page_id=191\" class=\"\" rel=\"bookmark\">\u010c\u00edta\u0165 viac &raquo;<span class=\"screen-reader-text\">K\u0148azi p\u00f4sobiaci vo farnosti<\/span><\/a><\/p>\n","protected":false},"author":1,"featured_media":0,"parent":103,"menu_order":420,"comment_status":"closed","ping_status":"closed","template":"","meta":{"_eb_attr":"","_monsterinsights_skip_tracking":false,"_monsterinsights_sitenote_active":false,"_monsterinsights_sitenote_note":"","_monsterinsights_sitenote_category":0,"neve_meta_sidebar":"","neve_meta_container":"","neve_meta_enable_content_width":"","neve_meta_content_width":0,"neve_meta_title_alignment":"","neve_meta_author_avatar":"","neve_post_elements_order":"","neve_meta_disable_header":"","neve_meta_disable_footer":"","neve_meta_disable_title":"","footnotes":""},"class_list":["post-191","page","type-page","status-publish","hentry"],"yoast_head":"<!-- This site is optimized with the Yoast SEO plugin v22.1 - https:\/\/yoast.com\/wordpress\/plugins\/seo\/ -->\n<title>K\u0148azi p\u00f4sobiaci vo farnosti -<\/title>\n<meta name=\"robots\" content=\"index, follow, max-snippet:-1, max-image-preview:large, max-video-preview:-1\" \/>\n<link rel=\"canonical\" href=\"https:\/\/www.faraobyce.sk\/?page_id=191\" \/>\n<meta property=\"og:locale\" content=\"sk_SK\" \/>\n<meta property=\"og:type\" content=\"article\" \/>\n<meta property=\"og:title\" content=\"K\u0148azi p\u00f4sobiaci vo farnosti -\" \/>\n<meta property=\"og:description\" content=\"V roku 1969 sa Obyce stali farnos\u0165ou. Odvtedy u n\u00e1s p\u00f4sobili: Benedikt Mrav\u00edkOd: 3. august 1969 Do: 15. okt\u00f3ber 1978 J\u00e1n \u0160imonovi\u010dOd: 15. okt\u00f3ber 1978Do: 25. m\u00e1j 1983 Pavol Sol\u010d\u00e1nyOd: 25. m\u00e1j 1983Do: 8. december 1997 J\u00e1n HrablayOd: 14. december 1997Do: 30. j\u00fan 2004 \u0160tefan Novansk\u00fdOd: 1. j\u00fal 2004Do: 30. j\u00fan 2007 Marek Bo\u017eikOd: 1.&hellip;&nbsp;\u010c\u00edta\u0165 viac &raquo;K\u0148azi p\u00f4sobiaci vo farnosti\" \/>\n<meta property=\"og:url\" content=\"https:\/\/www.faraobyce.sk\/?page_id=191\" \/>\n<meta property=\"article:modified_time\" content=\"2021-10-16T19:51:02+00:00\" \/>\n<meta name=\"twitter:card\" content=\"summary_large_image\" \/>\n<meta name=\"twitter:label1\" content=\"Predpokladan\u00fd \u010das \u010d\u00edtania\" \/>\n\t<meta name=\"twitter:data1\" content=\"1 min\u00fata\" \/>\n<script type=\"application\/ld+json\" class=\"yoast-schema-graph\">{\"@context\":\"https:\/\/schema.org\",\"@graph\":[{\"@type\":\"WebPage\",\"@id\":\"https:\/\/www.faraobyce.sk\/?page_id=191\",\"url\":\"https:\/\/www.faraobyce.sk\/?page_id=191\",\"name\":\"K\u0148azi p\u00f4sobiaci vo farnosti -\",\"isPartOf\":{\"@id\":\"https:\/\/www.faraobyce.sk\/#website\"},\"datePublished\":\"2021-10-16T18:07:00+00:00\",\"dateModified\":\"2021-10-16T19:51:02+00:00\",\"breadcrumb\":{\"@id\":\"https:\/\/www.faraobyce.sk\/?page_id=191#breadcrumb\"},\"inLanguage\":\"sk-SK\",\"potentialAction\":[{\"@type\":\"ReadAction\",\"target\":[\"https:\/\/www.faraobyce.sk\/?page_id=191\"]}]},{\"@type\":\"BreadcrumbList\",\"@id\":\"https:\/\/www.faraobyce.sk\/?page_id=191#breadcrumb\",\"itemListElement\":[{\"@type\":\"ListItem\",\"position\":1,\"name\":\"Home\",\"item\":\"https:\/\/www.faraobyce.sk\/\"},{\"@type\":\"ListItem\",\"position\":2,\"name\":\"\u017divot vo farnosti\",\"item\":\"https:\/\/www.faraobyce.sk\/?page_id=103\"},{\"@type\":\"ListItem\",\"position\":3,\"name\":\"K\u0148azi p\u00f4sobiaci vo farnosti\"}]},{\"@type\":\"WebSite\",\"@id\":\"https:\/\/www.faraobyce.sk\/#website\",\"url\":\"https:\/\/www.faraobyce.sk\/\",\"name\":\"\",\"description\":\"\",\"potentialAction\":[{\"@type\":\"SearchAction\",\"target\":{\"@type\":\"EntryPoint\",\"urlTemplate\":\"https:\/\/www.faraobyce.sk\/?s={search_term_string}\"},\"query-input\":\"required name=search_term_string\"}],\"inLanguage\":\"sk-SK\"}]}<\/script>\n<!-- \/ Yoast SEO plugin. -->","yoast_head_json":{"title":"K\u0148azi p\u00f4sobiaci vo farnosti -","robots":{"index":"index","follow":"follow","max-snippet":"max-snippet:-1","max-image-preview":"max-image-preview:large","max-video-preview":"max-video-preview:-1"},"canonical":"https:\/\/www.faraobyce.sk\/?page_id=191","og_locale":"sk_SK","og_type":"article","og_title":"K\u0148azi p\u00f4sobiaci vo farnosti -","og_description":"V roku 1969 sa Obyce stali farnos\u0165ou. Odvtedy u n\u00e1s p\u00f4sobili: Benedikt Mrav\u00edkOd: 3. august 1969 Do: 15. okt\u00f3ber 1978 J\u00e1n \u0160imonovi\u010dOd: 15. okt\u00f3ber 1978Do: 25. m\u00e1j 1983 Pavol Sol\u010d\u00e1nyOd: 25. m\u00e1j 1983Do: 8. december 1997 J\u00e1n HrablayOd: 14. december 1997Do: 30. j\u00fan 2004 \u0160tefan Novansk\u00fdOd: 1. j\u00fal 2004Do: 30. j\u00fan 2007 Marek Bo\u017eikOd: 1.&hellip;&nbsp;\u010c\u00edta\u0165 viac &raquo;K\u0148azi p\u00f4sobiaci vo farnosti","og_url":"https:\/\/www.faraobyce.sk\/?page_id=191","article_modified_time":"2021-10-16T19:51:02+00:00","twitter_card":"summary_large_image","twitter_misc":{"Predpokladan\u00fd \u010das \u010d\u00edtania":"1 min\u00fata"},"schema":{"@context":"https:\/\/schema.org","@graph":[{"@type":"WebPage","@id":"https:\/\/www.faraobyce.sk\/?page_id=191","url":"https:\/\/www.faraobyce.sk\/?page_id=191","name":"K\u0148azi p\u00f4sobiaci vo farnosti -","isPartOf":{"@id":"https:\/\/www.faraobyce.sk\/#website"},"datePublished":"2021-10-16T18:07:00+00:00","dateModified":"2021-10-16T19:51:02+00:00","breadcrumb":{"@id":"https:\/\/www.faraobyce.sk\/?page_id=191#breadcrumb"},"inLanguage":"sk-SK","potentialAction":[{"@type":"ReadAction","target":["https:\/\/www.faraobyce.sk\/?page_id=191"]}]},{"@type":"BreadcrumbList","@id":"https:\/\/www.faraobyce.sk\/?page_id=191#breadcrumb","itemListElement":[{"@type":"ListItem","position":1,"name":"Home","item":"https:\/\/www.faraobyce.sk\/"},{"@type":"ListItem","position":2,"name":"\u017divot vo farnosti","item":"https:\/\/www.faraobyce.sk\/?page_id=103"},{"@type":"ListItem","position":3,"name":"K\u0148azi p\u00f4sobiaci vo farnosti"}]},{"@type":"WebSite","@id":"https:\/\/www.faraobyce.sk\/#website","url":"https:\/\/www.faraobyce.sk\/","name":"","description":"","potentialAction":[{"@type":"SearchAction","target":{"@type":"EntryPoint","urlTemplate":"https:\/\/www.faraobyce.sk\/?s={search_term_string}"},"query-input":"required name=search_term_string"}],"inLanguage":"sk-SK"}]}},"_links":{"self":[{"href":"https:\/\/www.faraobyce.sk\/index.php?rest_route=\/wp\/v2\/pages\/191","targetHints":{"allow":["GET"]}}],"collection":[{"href":"https:\/\/www.faraobyce.sk\/index.php?rest_route=\/wp\/v2\/pages"}],"about":[{"href":"https:\/\/www.faraobyce.sk\/index.php?rest_route=\/wp\/v2\/types\/page"}],"author":[{"embeddable":true,"href":"https:\/\/www.faraobyce.sk\/index.php?rest_route=\/wp\/v2\/users\/1"}],"replies":[{"embeddable":true,"href":"https:\/\/www.faraobyce.sk\/index.php?rest_route=%2Fwp%2Fv2%2Fcomments&post=191"}],"version-history":[{"count":3,"href":"https:\/\/www.faraobyce.sk\/index.php?rest_route=\/wp\/v2\/pages\/191\/revisions"}],"predecessor-version":[{"id":196,"href":"https:\/\/www.faraobyce.sk\/index.php?rest_route=\/wp\/v2\/pages\/191\/revisions\/196"}],"up":[{"embeddable":true,"href":"https:\/\/www.faraobyce.sk\/index.php?rest_route=\/wp\/v2\/pages\/103"}],"wp:attachment":[{"href":"https:\/\/www.faraobyce.sk\/index.php?rest_route=%2Fwp%2Fv2%2Fmedia&parent=191"}],"curies":[{"name":"wp","href":"https:\/\/api.w.org\/{rel}","templated":true}]}}