{"id":175,"date":"2021-10-10T15:29:48","date_gmt":"2021-10-10T13:29:48","guid":{"rendered":"https:\/\/www.faraobyce.sk\/?page_id=175"},"modified":"2021-10-16T20:09:33","modified_gmt":"2021-10-16T18:09:33","slug":"sviatosti","status":"publish","type":"page","link":"https:\/\/www.faraobyce.sk\/?page_id=175","title":{"rendered":"Sviatosti"},"content":{"rendered":"\n<h2 class=\"wp-block-heading\">Sviatos\u0165 zmierenia<\/h2>\n\n\n\n<p class=\"has-medium-font-size\">K&nbsp;sviatosti zmierenia m\u00f4\u017eu veriaci prist\u00fapi\u0165 pol hodinu pred ka\u017edou sv. om\u0161ou. <\/p>\n\n\n\n<p><\/p>\n\n\n\n<p class=\"has-medium-font-size\">Spovedanie chor\u00fdch v&nbsp;dom\u00e1cnostiach prebieha raz mesa\u010dne, v\u017edy v obdob\u00ed pred prv\u00fdm piatkom. Prihl\u00e1senie chor\u00fdch na spovedanie je mo\u017en\u00e9 osobne v sakristii kostola alebo na telef\u00f3nnom \u010d\u00edsle uvedenom v kontaktoch.<\/p>\n\n\n\n<h2 class=\"wp-block-heading\">Ostatn\u00e9 sviatosti<\/h2>\n\n\n\n<p class=\"has-medium-font-size\">Po osobnej alebo telefonickej dohode.<\/p>\n","protected":false},"excerpt":{"rendered":"<p>Sviatos\u0165 zmierenia K&nbsp;sviatosti zmierenia m\u00f4\u017eu veriaci prist\u00fapi\u0165 pol hodinu pred ka\u017edou sv. om\u0161ou. Spovedanie chor\u00fdch v&nbsp;dom\u00e1cnostiach prebieha raz mesa\u010dne, v\u017edy v obdob\u00ed pred prv\u00fdm piatkom. Prihl\u00e1senie chor\u00fdch na spovedanie je mo\u017en\u00e9 osobne v sakristii kostola alebo na telef\u00f3nnom \u010d\u00edsle uvedenom v kontaktoch. Ostatn\u00e9 sviatosti Po osobnej alebo telefonickej dohode.<\/p>\n","protected":false},"author":1,"featured_media":0,"parent":0,"menu_order":300,"comment_status":"closed","ping_status":"closed","template":"","meta":{"_eb_attr":"","_monsterinsights_skip_tracking":false,"_monsterinsights_sitenote_active":false,"_monsterinsights_sitenote_note":"","_monsterinsights_sitenote_category":0,"neve_meta_sidebar":"","neve_meta_container":"","neve_meta_enable_content_width":"","neve_meta_content_width":0,"neve_meta_title_alignment":"","neve_meta_author_avatar":"","neve_post_elements_order":"","neve_meta_disable_header":"","neve_meta_disable_footer":"","neve_meta_disable_title":"","footnotes":""},"class_list":["post-175","page","type-page","status-publish","hentry"],"yoast_head":"<!-- This site is optimized with the Yoast SEO plugin v22.1 - https:\/\/yoast.com\/wordpress\/plugins\/seo\/ -->\n<title>Sviatosti -<\/title>\n<meta name=\"robots\" content=\"index, follow, max-snippet:-1, max-image-preview:large, max-video-preview:-1\" \/>\n<link rel=\"canonical\" href=\"https:\/\/www.faraobyce.sk\/?page_id=175\" \/>\n<meta property=\"og:locale\" content=\"sk_SK\" \/>\n<meta property=\"og:type\" content=\"article\" \/>\n<meta property=\"og:title\" content=\"Sviatosti -\" \/>\n<meta property=\"og:description\" content=\"Sviatos\u0165 zmierenia K&nbsp;sviatosti zmierenia m\u00f4\u017eu veriaci prist\u00fapi\u0165 pol hodinu pred ka\u017edou sv. om\u0161ou. Spovedanie chor\u00fdch v&nbsp;dom\u00e1cnostiach prebieha raz mesa\u010dne, v\u017edy v obdob\u00ed pred prv\u00fdm piatkom. Prihl\u00e1senie chor\u00fdch na spovedanie je mo\u017en\u00e9 osobne v sakristii kostola alebo na telef\u00f3nnom \u010d\u00edsle uvedenom v kontaktoch. Ostatn\u00e9 sviatosti Po osobnej alebo telefonickej dohode.\" \/>\n<meta property=\"og:url\" content=\"https:\/\/www.faraobyce.sk\/?page_id=175\" \/>\n<meta property=\"article:modified_time\" content=\"2021-10-16T18:09:33+00:00\" \/>\n<meta name=\"twitter:card\" content=\"summary_large_image\" \/>\n<meta name=\"twitter:label1\" content=\"Predpokladan\u00fd \u010das \u010d\u00edtania\" \/>\n\t<meta name=\"twitter:data1\" content=\"1 min\u00fata\" \/>\n<script type=\"application\/ld+json\" class=\"yoast-schema-graph\">{\"@context\":\"https:\/\/schema.org\",\"@graph\":[{\"@type\":\"WebPage\",\"@id\":\"https:\/\/www.faraobyce.sk\/?page_id=175\",\"url\":\"https:\/\/www.faraobyce.sk\/?page_id=175\",\"name\":\"Sviatosti -\",\"isPartOf\":{\"@id\":\"https:\/\/www.faraobyce.sk\/#website\"},\"datePublished\":\"2021-10-10T13:29:48+00:00\",\"dateModified\":\"2021-10-16T18:09:33+00:00\",\"breadcrumb\":{\"@id\":\"https:\/\/www.faraobyce.sk\/?page_id=175#breadcrumb\"},\"inLanguage\":\"sk-SK\",\"potentialAction\":[{\"@type\":\"ReadAction\",\"target\":[\"https:\/\/www.faraobyce.sk\/?page_id=175\"]}]},{\"@type\":\"BreadcrumbList\",\"@id\":\"https:\/\/www.faraobyce.sk\/?page_id=175#breadcrumb\",\"itemListElement\":[{\"@type\":\"ListItem\",\"position\":1,\"name\":\"Home\",\"item\":\"https:\/\/www.faraobyce.sk\/\"},{\"@type\":\"ListItem\",\"position\":2,\"name\":\"Sviatosti\"}]},{\"@type\":\"WebSite\",\"@id\":\"https:\/\/www.faraobyce.sk\/#website\",\"url\":\"https:\/\/www.faraobyce.sk\/\",\"name\":\"\",\"description\":\"\",\"potentialAction\":[{\"@type\":\"SearchAction\",\"target\":{\"@type\":\"EntryPoint\",\"urlTemplate\":\"https:\/\/www.faraobyce.sk\/?s={search_term_string}\"},\"query-input\":\"required name=search_term_string\"}],\"inLanguage\":\"sk-SK\"}]}<\/script>\n<!-- \/ Yoast SEO plugin. -->","yoast_head_json":{"title":"Sviatosti -","robots":{"index":"index","follow":"follow","max-snippet":"max-snippet:-1","max-image-preview":"max-image-preview:large","max-video-preview":"max-video-preview:-1"},"canonical":"https:\/\/www.faraobyce.sk\/?page_id=175","og_locale":"sk_SK","og_type":"article","og_title":"Sviatosti -","og_description":"Sviatos\u0165 zmierenia K&nbsp;sviatosti zmierenia m\u00f4\u017eu veriaci prist\u00fapi\u0165 pol hodinu pred ka\u017edou sv. om\u0161ou. Spovedanie chor\u00fdch v&nbsp;dom\u00e1cnostiach prebieha raz mesa\u010dne, v\u017edy v obdob\u00ed pred prv\u00fdm piatkom. Prihl\u00e1senie chor\u00fdch na spovedanie je mo\u017en\u00e9 osobne v sakristii kostola alebo na telef\u00f3nnom \u010d\u00edsle uvedenom v kontaktoch. Ostatn\u00e9 sviatosti Po osobnej alebo telefonickej dohode.","og_url":"https:\/\/www.faraobyce.sk\/?page_id=175","article_modified_time":"2021-10-16T18:09:33+00:00","twitter_card":"summary_large_image","twitter_misc":{"Predpokladan\u00fd \u010das \u010d\u00edtania":"1 min\u00fata"},"schema":{"@context":"https:\/\/schema.org","@graph":[{"@type":"WebPage","@id":"https:\/\/www.faraobyce.sk\/?page_id=175","url":"https:\/\/www.faraobyce.sk\/?page_id=175","name":"Sviatosti -","isPartOf":{"@id":"https:\/\/www.faraobyce.sk\/#website"},"datePublished":"2021-10-10T13:29:48+00:00","dateModified":"2021-10-16T18:09:33+00:00","breadcrumb":{"@id":"https:\/\/www.faraobyce.sk\/?page_id=175#breadcrumb"},"inLanguage":"sk-SK","potentialAction":[{"@type":"ReadAction","target":["https:\/\/www.faraobyce.sk\/?page_id=175"]}]},{"@type":"BreadcrumbList","@id":"https:\/\/www.faraobyce.sk\/?page_id=175#breadcrumb","itemListElement":[{"@type":"ListItem","position":1,"name":"Home","item":"https:\/\/www.faraobyce.sk\/"},{"@type":"ListItem","position":2,"name":"Sviatosti"}]},{"@type":"WebSite","@id":"https:\/\/www.faraobyce.sk\/#website","url":"https:\/\/www.faraobyce.sk\/","name":"","description":"","potentialAction":[{"@type":"SearchAction","target":{"@type":"EntryPoint","urlTemplate":"https:\/\/www.faraobyce.sk\/?s={search_term_string}"},"query-input":"required name=search_term_string"}],"inLanguage":"sk-SK"}]}},"_links":{"self":[{"href":"https:\/\/www.faraobyce.sk\/index.php?rest_route=\/wp\/v2\/pages\/175","targetHints":{"allow":["GET"]}}],"collection":[{"href":"https:\/\/www.faraobyce.sk\/index.php?rest_route=\/wp\/v2\/pages"}],"about":[{"href":"https:\/\/www.faraobyce.sk\/index.php?rest_route=\/wp\/v2\/types\/page"}],"author":[{"embeddable":true,"href":"https:\/\/www.faraobyce.sk\/index.php?rest_route=\/wp\/v2\/users\/1"}],"replies":[{"embeddable":true,"href":"https:\/\/www.faraobyce.sk\/index.php?rest_route=%2Fwp%2Fv2%2Fcomments&post=175"}],"version-history":[{"count":6,"href":"https:\/\/www.faraobyce.sk\/index.php?rest_route=\/wp\/v2\/pages\/175\/revisions"}],"predecessor-version":[{"id":198,"href":"https:\/\/www.faraobyce.sk\/index.php?rest_route=\/wp\/v2\/pages\/175\/revisions\/198"}],"wp:attachment":[{"href":"https:\/\/www.faraobyce.sk\/index.php?rest_route=%2Fwp%2Fv2%2Fmedia&parent=175"}],"curies":[{"name":"wp","href":"https:\/\/api.w.org\/{rel}","templated":true}]}}