{"id":105,"date":"2021-10-09T13:03:14","date_gmt":"2021-10-09T11:03:14","guid":{"rendered":"https:\/\/www.faraobyce.sk\/?page_id=105"},"modified":"2026-02-20T16:30:24","modified_gmt":"2026-02-20T15:30:24","slug":"kontakt","status":"publish","type":"page","link":"https:\/\/www.faraobyce.sk\/?page_id=105","title":{"rendered":"Kontakt"},"content":{"rendered":"\t\t<div data-elementor-type=\"wp-page\" data-elementor-id=\"105\" class=\"elementor elementor-105\" data-elementor-post-type=\"page\">\n\t\t\t\t\t\t<section class=\"elementor-section elementor-top-section elementor-element elementor-element-9ea5963 elementor-section-boxed elementor-section-height-default elementor-section-height-default\" data-id=\"9ea5963\" data-element_type=\"section\">\n\t\t\t\t\t\t<div class=\"elementor-container elementor-column-gap-default\">\n\t\t\t\t\t<div class=\"elementor-column elementor-col-50 elementor-top-column elementor-element elementor-element-51fc1d4\" data-id=\"51fc1d4\" data-element_type=\"column\">\n\t\t\t<div class=\"elementor-widget-wrap elementor-element-populated\">\n\t\t\t\t\t\t<div class=\"elementor-element elementor-element-3f24b98 elementor-widget elementor-widget-text-editor\" data-id=\"3f24b98\" data-element_type=\"widget\" data-widget_type=\"text-editor.default\">\n\t\t\t\t<div class=\"elementor-widget-container\">\n\t\t\t\t\t\t\t\t\t<h3><strong><em><u>Spr\u00e1vca farnosti:\u00a0<br \/><\/u><\/em><\/strong><strong><em>Mgr. Jozef Vlas\u00e1k, dekan<\/em><\/strong><\/h3>\t\t\t\t\t\t\t\t<\/div>\n\t\t\t\t<\/div>\n\t\t\t\t\t<\/div>\n\t\t<\/div>\n\t\t\t\t<div class=\"elementor-column elementor-col-50 elementor-top-column elementor-element elementor-element-a6eb9f3\" data-id=\"a6eb9f3\" data-element_type=\"column\">\n\t\t\t<div class=\"elementor-widget-wrap elementor-element-populated\">\n\t\t\t\t\t\t<div class=\"elementor-element elementor-element-9c4cf21 elementor-widget__width-initial elementor-widget elementor-widget-text-editor\" data-id=\"9c4cf21\" data-element_type=\"widget\" data-widget_type=\"text-editor.default\">\n\t\t\t\t<div class=\"elementor-widget-container\">\n\t\t\t\t\t\t\t\t\t<h3><strong><u>Adresa:<br \/><\/u><\/strong><strong><em>R\u00edmskokatol\u00edcka cirkev, farnos\u0165 Obyce<br \/><\/em><\/strong><strong><em>Hlavn\u00e1 93<br \/><\/em><\/strong><strong><em>951 95 Obyce<\/em><\/strong><\/h3>\t\t\t\t\t\t\t\t<\/div>\n\t\t\t\t<\/div>\n\t\t\t\t\t<\/div>\n\t\t<\/div>\n\t\t\t\t\t<\/div>\n\t\t<\/section>\n\t\t\t\t<section class=\"elementor-section elementor-top-section elementor-element elementor-element-2c68002 elementor-section-boxed elementor-section-height-default elementor-section-height-default\" data-id=\"2c68002\" data-element_type=\"section\">\n\t\t\t\t\t\t<div class=\"elementor-container elementor-column-gap-default\">\n\t\t\t\t\t<div class=\"elementor-column elementor-col-50 elementor-top-column elementor-element elementor-element-c81f90b\" data-id=\"c81f90b\" data-element_type=\"column\">\n\t\t\t<div class=\"elementor-widget-wrap elementor-element-populated\">\n\t\t\t\t\t\t<div class=\"elementor-element elementor-element-c5b0815 elementor-widget elementor-widget-text-editor\" data-id=\"c5b0815\" data-element_type=\"widget\" data-widget_type=\"text-editor.default\">\n\t\t\t\t<div class=\"elementor-widget-container\">\n\t\t\t\t\t\t\t\t\t<h3><strong><u>Kontakt:<br \/><\/u><\/strong><strong><em>Mobil: 0905 409 447<br \/><\/em><\/strong><strong><em>Email: obyce@nrb.sk<br \/><\/em><\/strong><strong><em>\u010c\u00edslo \u00fa\u010dtu: SK29 0900 0000 0000 3123 3384<\/em><\/strong><\/h3>\t\t\t\t\t\t\t\t<\/div>\n\t\t\t\t<\/div>\n\t\t\t\t\t<\/div>\n\t\t<\/div>\n\t\t\t\t<div class=\"elementor-column elementor-col-50 elementor-top-column elementor-element elementor-element-2fdd2a2\" data-id=\"2fdd2a2\" data-element_type=\"column\">\n\t\t\t<div class=\"elementor-widget-wrap elementor-element-populated\">\n\t\t\t\t\t\t<div class=\"elementor-element elementor-element-08891dd elementor-widget elementor-widget-image\" data-id=\"08891dd\" data-element_type=\"widget\" data-widget_type=\"image.default\">\n\t\t\t\t<div class=\"elementor-widget-container\">\n\t\t\t\t\t\t\t\t\t\t\t\t\t\t\t<img fetchpriority=\"high\" decoding=\"async\" width=\"874\" height=\"1024\" src=\"https:\/\/www.faraobyce.sk\/wp-content\/uploads\/2026\/02\/fara-qr-874x1024.png\" class=\"attachment-large size-large wp-image-7078\" alt=\"\" srcset=\"https:\/\/www.faraobyce.sk\/wp-content\/uploads\/2026\/02\/fara-qr-874x1024.png 874w, https:\/\/www.faraobyce.sk\/wp-content\/uploads\/2026\/02\/fara-qr-256x300.png 256w, https:\/\/www.faraobyce.sk\/wp-content\/uploads\/2026\/02\/fara-qr-768x900.png 768w, https:\/\/www.faraobyce.sk\/wp-content\/uploads\/2026\/02\/fara-qr.png 960w\" sizes=\"(max-width: 874px) 100vw, 874px\" \/>\t\t\t\t\t\t\t\t\t\t\t\t\t\t\t<\/div>\n\t\t\t\t<\/div>\n\t\t\t\t\t<\/div>\n\t\t<\/div>\n\t\t\t\t\t<\/div>\n\t\t<\/section>\n\t\t\t\t<section class=\"elementor-section elementor-top-section elementor-element elementor-element-c7ae0f0 elementor-section-boxed elementor-section-height-default elementor-section-height-default\" data-id=\"c7ae0f0\" data-element_type=\"section\">\n\t\t\t\t\t\t<div class=\"elementor-container elementor-column-gap-default\">\n\t\t\t\t\t<div class=\"elementor-column elementor-col-100 elementor-top-column elementor-element elementor-element-ebb4389\" data-id=\"ebb4389\" data-element_type=\"column\">\n\t\t\t<div class=\"elementor-widget-wrap elementor-element-populated\">\n\t\t\t\t\t\t<div class=\"elementor-element elementor-element-a03f6c0 elementor-widget elementor-widget-text-editor\" data-id=\"a03f6c0\" data-element_type=\"widget\" data-widget_type=\"text-editor.default\">\n\t\t\t\t<div class=\"elementor-widget-container\">\n\t\t\t\t\t\t\t\t\t<h2 style=\"text-align: center;\"><span style=\"text-decoration: underline;\">\u010eAKUJEME ZA VA\u0160U PODPORU A MILODARY<\/span><\/h2>\t\t\t\t\t\t\t\t<\/div>\n\t\t\t\t<\/div>\n\t\t\t\t\t<\/div>\n\t\t<\/div>\n\t\t\t\t\t<\/div>\n\t\t<\/section>\n\t\t\t\t<\/div>\n\t\t","protected":false},"excerpt":{"rendered":"<p>Spr\u00e1vca farnosti:\u00a0Mgr. Jozef Vlas\u00e1k, dekan Adresa:R\u00edmskokatol\u00edcka cirkev, farnos\u0165 ObyceHlavn\u00e1 93951 95 Obyce Kontakt:Mobil: 0905 409 447Email: obyce@nrb.sk\u010c\u00edslo \u00fa\u010dtu: SK29 0900 0000 0000 3123 3384 \u010eAKUJEME ZA VA\u0160U PODPORU A MILODARY<\/p>\n","protected":false},"author":1,"featured_media":0,"parent":0,"menu_order":500,"comment_status":"closed","ping_status":"closed","template":"","meta":{"_eb_attr":"","_monsterinsights_skip_tracking":false,"_monsterinsights_sitenote_active":false,"_monsterinsights_sitenote_note":"","_monsterinsights_sitenote_category":0,"neve_meta_sidebar":"","neve_meta_container":"","neve_meta_enable_content_width":"","neve_meta_content_width":0,"neve_meta_title_alignment":"","neve_meta_author_avatar":"","neve_post_elements_order":"","neve_meta_disable_header":"","neve_meta_disable_footer":"","neve_meta_disable_title":"","footnotes":""},"class_list":["post-105","page","type-page","status-publish","hentry"],"yoast_head":"<!-- This site is optimized with the Yoast SEO plugin v22.1 - https:\/\/yoast.com\/wordpress\/plugins\/seo\/ -->\n<title>Kontakt -<\/title>\n<meta name=\"robots\" content=\"index, follow, max-snippet:-1, max-image-preview:large, max-video-preview:-1\" \/>\n<link rel=\"canonical\" href=\"https:\/\/www.faraobyce.sk\/?page_id=105\" \/>\n<meta property=\"og:locale\" content=\"sk_SK\" \/>\n<meta property=\"og:type\" content=\"article\" \/>\n<meta property=\"og:title\" content=\"Kontakt -\" \/>\n<meta property=\"og:description\" content=\"Spr\u00e1vca farnosti:\u00a0Mgr. Jozef Vlas\u00e1k, dekan Adresa:R\u00edmskokatol\u00edcka cirkev, farnos\u0165 ObyceHlavn\u00e1 93951 95 Obyce Kontakt:Mobil: 0905 409 447Email: obyce@nrb.sk\u010c\u00edslo \u00fa\u010dtu: SK29 0900 0000 0000 3123 3384 \u010eAKUJEME ZA VA\u0160U PODPORU A MILODARY\" \/>\n<meta property=\"og:url\" content=\"https:\/\/www.faraobyce.sk\/?page_id=105\" \/>\n<meta property=\"article:modified_time\" content=\"2026-02-20T15:30:24+00:00\" \/>\n<meta property=\"og:image\" content=\"https:\/\/www.faraobyce.sk\/wp-content\/uploads\/2026\/02\/fara-qr-874x1024.png\" \/>\n<meta name=\"twitter:card\" content=\"summary_large_image\" \/>\n<meta name=\"twitter:label1\" content=\"Predpokladan\u00fd \u010das \u010d\u00edtania\" \/>\n\t<meta name=\"twitter:data1\" content=\"1 min\u00fata\" \/>\n<script type=\"application\/ld+json\" class=\"yoast-schema-graph\">{\"@context\":\"https:\/\/schema.org\",\"@graph\":[{\"@type\":\"WebPage\",\"@id\":\"https:\/\/www.faraobyce.sk\/?page_id=105\",\"url\":\"https:\/\/www.faraobyce.sk\/?page_id=105\",\"name\":\"Kontakt -\",\"isPartOf\":{\"@id\":\"https:\/\/www.faraobyce.sk\/#website\"},\"datePublished\":\"2021-10-09T11:03:14+00:00\",\"dateModified\":\"2026-02-20T15:30:24+00:00\",\"breadcrumb\":{\"@id\":\"https:\/\/www.faraobyce.sk\/?page_id=105#breadcrumb\"},\"inLanguage\":\"sk-SK\",\"potentialAction\":[{\"@type\":\"ReadAction\",\"target\":[\"https:\/\/www.faraobyce.sk\/?page_id=105\"]}]},{\"@type\":\"BreadcrumbList\",\"@id\":\"https:\/\/www.faraobyce.sk\/?page_id=105#breadcrumb\",\"itemListElement\":[{\"@type\":\"ListItem\",\"position\":1,\"name\":\"Home\",\"item\":\"https:\/\/www.faraobyce.sk\/\"},{\"@type\":\"ListItem\",\"position\":2,\"name\":\"Kontakt\"}]},{\"@type\":\"WebSite\",\"@id\":\"https:\/\/www.faraobyce.sk\/#website\",\"url\":\"https:\/\/www.faraobyce.sk\/\",\"name\":\"\",\"description\":\"\",\"potentialAction\":[{\"@type\":\"SearchAction\",\"target\":{\"@type\":\"EntryPoint\",\"urlTemplate\":\"https:\/\/www.faraobyce.sk\/?s={search_term_string}\"},\"query-input\":\"required name=search_term_string\"}],\"inLanguage\":\"sk-SK\"}]}<\/script>\n<!-- \/ Yoast SEO plugin. -->","yoast_head_json":{"title":"Kontakt -","robots":{"index":"index","follow":"follow","max-snippet":"max-snippet:-1","max-image-preview":"max-image-preview:large","max-video-preview":"max-video-preview:-1"},"canonical":"https:\/\/www.faraobyce.sk\/?page_id=105","og_locale":"sk_SK","og_type":"article","og_title":"Kontakt -","og_description":"Spr\u00e1vca farnosti:\u00a0Mgr. Jozef Vlas\u00e1k, dekan Adresa:R\u00edmskokatol\u00edcka cirkev, farnos\u0165 ObyceHlavn\u00e1 93951 95 Obyce Kontakt:Mobil: 0905 409 447Email: obyce@nrb.sk\u010c\u00edslo \u00fa\u010dtu: SK29 0900 0000 0000 3123 3384 \u010eAKUJEME ZA VA\u0160U PODPORU A MILODARY","og_url":"https:\/\/www.faraobyce.sk\/?page_id=105","article_modified_time":"2026-02-20T15:30:24+00:00","og_image":[{"url":"https:\/\/www.faraobyce.sk\/wp-content\/uploads\/2026\/02\/fara-qr-874x1024.png"}],"twitter_card":"summary_large_image","twitter_misc":{"Predpokladan\u00fd \u010das \u010d\u00edtania":"1 min\u00fata"},"schema":{"@context":"https:\/\/schema.org","@graph":[{"@type":"WebPage","@id":"https:\/\/www.faraobyce.sk\/?page_id=105","url":"https:\/\/www.faraobyce.sk\/?page_id=105","name":"Kontakt -","isPartOf":{"@id":"https:\/\/www.faraobyce.sk\/#website"},"datePublished":"2021-10-09T11:03:14+00:00","dateModified":"2026-02-20T15:30:24+00:00","breadcrumb":{"@id":"https:\/\/www.faraobyce.sk\/?page_id=105#breadcrumb"},"inLanguage":"sk-SK","potentialAction":[{"@type":"ReadAction","target":["https:\/\/www.faraobyce.sk\/?page_id=105"]}]},{"@type":"BreadcrumbList","@id":"https:\/\/www.faraobyce.sk\/?page_id=105#breadcrumb","itemListElement":[{"@type":"ListItem","position":1,"name":"Home","item":"https:\/\/www.faraobyce.sk\/"},{"@type":"ListItem","position":2,"name":"Kontakt"}]},{"@type":"WebSite","@id":"https:\/\/www.faraobyce.sk\/#website","url":"https:\/\/www.faraobyce.sk\/","name":"","description":"","potentialAction":[{"@type":"SearchAction","target":{"@type":"EntryPoint","urlTemplate":"https:\/\/www.faraobyce.sk\/?s={search_term_string}"},"query-input":"required name=search_term_string"}],"inLanguage":"sk-SK"}]}},"_links":{"self":[{"href":"https:\/\/www.faraobyce.sk\/index.php?rest_route=\/wp\/v2\/pages\/105","targetHints":{"allow":["GET"]}}],"collection":[{"href":"https:\/\/www.faraobyce.sk\/index.php?rest_route=\/wp\/v2\/pages"}],"about":[{"href":"https:\/\/www.faraobyce.sk\/index.php?rest_route=\/wp\/v2\/types\/page"}],"author":[{"embeddable":true,"href":"https:\/\/www.faraobyce.sk\/index.php?rest_route=\/wp\/v2\/users\/1"}],"replies":[{"embeddable":true,"href":"https:\/\/www.faraobyce.sk\/index.php?rest_route=%2Fwp%2Fv2%2Fcomments&post=105"}],"version-history":[{"count":6,"href":"https:\/\/www.faraobyce.sk\/index.php?rest_route=\/wp\/v2\/pages\/105\/revisions"}],"predecessor-version":[{"id":7082,"href":"https:\/\/www.faraobyce.sk\/index.php?rest_route=\/wp\/v2\/pages\/105\/revisions\/7082"}],"wp:attachment":[{"href":"https:\/\/www.faraobyce.sk\/index.php?rest_route=%2Fwp%2Fv2%2Fmedia&parent=105"}],"curies":[{"name":"wp","href":"https:\/\/api.w.org\/{rel}","templated":true}]}}